{"id":5668,"date":"2018-10-03T17:57:38","date_gmt":"2018-10-03T15:57:38","guid":{"rendered":"http:\/\/komposition.n-code.de\/?page_id=5668"},"modified":"2021-10-10T21:06:12","modified_gmt":"2021-10-10T19:06:12","slug":"gal-nila","status":"publish","type":"page","link":"https:\/\/www.komposition.n-code.de\/index.php\/gal-nila\/","title":{"rendered":"Niemandsland"},"content":{"rendered":"<p>[et_pb_section fb_built=&#8220;1&#8243; _builder_version=&#8220;3.22&#8243; background_color=&#8220;#000000&#8243;][et_pb_row _builder_version=&#8220;3.25&#8243; background_size=&#8220;initial&#8220; background_position=&#8220;top_left&#8220; background_repeat=&#8220;repeat&#8220;][et_pb_column type=&#8220;4_4&#8243; _builder_version=&#8220;3.25&#8243; custom_padding=&#8220;|||&#8220; custom_padding__hover=&#8220;|||&#8220;][et_pb_divider show_divider=&#8220;off&#8220; disabled_on=&#8220;on|on|off&#8220; _builder_version=&#8220;3.23.4&#8243; height=&#8220;20px&#8220; hide_on_mobile=&#8220;on&#8220;]&nbsp;<br \/>\n[\/et_pb_divider][\/et_pb_column][\/et_pb_row][et_pb_row _builder_version=&#8220;3.25&#8243; background_size=&#8220;initial&#8220; background_position=&#8220;top_left&#8220; background_repeat=&#8220;repeat&#8220; column_structure=&#8220;1_3,2_3&#8243;][et_pb_column type=&#8220;1_3&#8243; _builder_version=&#8220;3.25&#8243; custom_padding=&#8220;|||&#8220; custom_padding__hover=&#8220;|||&#8220;][et_pb_text _builder_version=&#8220;3.27.4&#8243; background_size=&#8220;initial&#8220; background_position=&#8220;top_left&#8220; background_repeat=&#8220;repeat&#8220; use_border_color=&#8220;off&#8220; border_color=&#8220;#ffffff&#8220; border_style=&#8220;solid&#8220;]<\/p>\n<h2><span style=\"color: #808080;\"><span style=\"color: #000000;\"><span style=\"color: #ff0000;\">niemandsland<\/span><br \/>\n<\/span><\/span><\/h2>\n<p>[\/et_pb_text][\/et_pb_column][et_pb_column type=&#8220;2_3&#8243; _builder_version=&#8220;3.25&#8243; custom_padding=&#8220;|||&#8220; custom_padding__hover=&#8220;|||&#8220;][et_pb_text _builder_version=&#8220;3.27.4&#8243; background_layout=&#8220;dark&#8220;]<span style=\"color: #999999;\"><strong>Aus einer Welt ohne Menschen<\/strong>\u00a0 (seit 2017)<\/span><br \/>\n[\/et_pb_text][\/et_pb_column][\/et_pb_row][et_pb_row _builder_version=&#8220;3.25&#8243; background_size=&#8220;initial&#8220; background_position=&#8220;top_left&#8220; background_repeat=&#8220;repeat&#8220;][et_pb_column type=&#8220;4_4&#8243; _builder_version=&#8220;3.25&#8243; custom_padding=&#8220;|||&#8220; custom_padding__hover=&#8220;|||&#8220;][et_pb_divider show_divider=&#8220;off&#8220; disabled_on=&#8220;on|on|off&#8220; _builder_version=&#8220;3.23.4&#8243; height=&#8220;50px&#8220; hide_on_mobile=&#8220;on&#8220;][\/et_pb_divider][\/et_pb_column][\/et_pb_row][et_pb_row _builder_version=&#8220;3.25&#8243; background_size=&#8220;initial&#8220; background_position=&#8220;top_left&#8220; background_repeat=&#8220;repeat&#8220;][et_pb_column type=&#8220;4_4&#8243; _builder_version=&#8220;3.25&#8243; custom_padding=&#8220;|||&#8220; custom_padding__hover=&#8220;|||&#8220;][et_pb_gallery gallery_ids=&#8220;5841,5843,5670,5675,5671,5673,5674,5672,5669,5849,5848,5847&#8243; gallery_orderby=&#8220;rand&#8220; posts_number=&#8220;100&#8243; show_title_and_caption=&#8220;off&#8220; show_pagination=&#8220;off&#8220; zoom_icon_color=&#8220;#2ea3f2&#8243; _builder_version=&#8220;3.15&#8243; use_border_color=&#8220;off&#8220;]&nbsp;<br \/>\n[\/et_pb_gallery][\/et_pb_column][\/et_pb_row][et_pb_row _builder_version=&#8220;3.25&#8243; background_size=&#8220;initial&#8220; background_position=&#8220;top_left&#8220; background_repeat=&#8220;repeat&#8220;][et_pb_column type=&#8220;4_4&#8243; _builder_version=&#8220;3.25&#8243; custom_padding=&#8220;|||&#8220; custom_padding__hover=&#8220;|||&#8220;][et_pb_text _builder_version=&#8220;4.7.7&#8243; background_layout=&#8220;dark&#8220; hover_enabled=&#8220;0&#8243; sticky_enabled=&#8220;0&#8243;]<\/p>\n<p>NIEMANDSLAND ist eine reale Phantasie. Die urspr\u00fcngliche Landschaft unterhalb unserer Zivilisationsebene wird sichtbar gemacht. H\u00e4user, Stra\u00dfen, Autos, Uferbefestigungen, Schiffe, Burgen und andere Zeichen f\u00fcr menschliche Eingriffe in die Natur sind aus den Ansichten von Rhein und Siebengebirge verschwunden. Berggipfel haben Antennenmasten und Aussichtspunkte verloren. Daf\u00fcr sind Kiesb\u00e4nke, Inseln und alte Flussarme, die mit der Begradigung des Rheins Ende des 19. Jahrhunderts verschwunden waren, wieder da.<\/p>\n<p>&nbsp;<\/p>\n<p>[\/et_pb_text][\/et_pb_column][\/et_pb_row][\/et_pb_section]<\/p>\n","protected":false},"excerpt":{"rendered":"<p>&nbsp; niemandsland Aus einer Welt ohne Menschen\u00a0 (seit 2017) &nbsp; NIEMANDSLAND ist eine reale Phantasie. Die urspr\u00fcngliche Landschaft unterhalb unserer Zivilisationsebene wird sichtbar gemacht. H\u00e4user, Stra\u00dfen, Autos, Uferbefestigungen, Schiffe, Burgen und andere Zeichen f\u00fcr menschliche Eingriffe in die Natur sind aus den Ansichten von Rhein und Siebengebirge verschwunden. Berggipfel haben Antennenmasten und Aussichtspunkte verloren. Daf\u00fcr [&hellip;]<\/p>\n","protected":false},"author":1,"featured_media":0,"parent":0,"menu_order":0,"comment_status":"closed","ping_status":"closed","template":"","meta":{"_et_pb_use_builder":"on","_et_pb_old_content":"","_et_gb_content_width":"","footnotes":""},"_links":{"self":[{"href":"https:\/\/www.komposition.n-code.de\/index.php\/wp-json\/wp\/v2\/pages\/5668"}],"collection":[{"href":"https:\/\/www.komposition.n-code.de\/index.php\/wp-json\/wp\/v2\/pages"}],"about":[{"href":"https:\/\/www.komposition.n-code.de\/index.php\/wp-json\/wp\/v2\/types\/page"}],"author":[{"embeddable":true,"href":"https:\/\/www.komposition.n-code.de\/index.php\/wp-json\/wp\/v2\/users\/1"}],"replies":[{"embeddable":true,"href":"https:\/\/www.komposition.n-code.de\/index.php\/wp-json\/wp\/v2\/comments?post=5668"}],"version-history":[{"count":20,"href":"https:\/\/www.komposition.n-code.de\/index.php\/wp-json\/wp\/v2\/pages\/5668\/revisions"}],"predecessor-version":[{"id":5963,"href":"https:\/\/www.komposition.n-code.de\/index.php\/wp-json\/wp\/v2\/pages\/5668\/revisions\/5963"}],"wp:attachment":[{"href":"https:\/\/www.komposition.n-code.de\/index.php\/wp-json\/wp\/v2\/media?parent=5668"}],"curies":[{"name":"wp","href":"https:\/\/api.w.org\/{rel}","templated":true}]}}