{"id":5703,"date":"2018-10-03T19:39:04","date_gmt":"2018-10-03T17:39:04","guid":{"rendered":"http:\/\/komposition.n-code.de\/?page_id=5703"},"modified":"2024-11-01T14:35:33","modified_gmt":"2024-11-01T13:35:33","slug":"kontakt-2","status":"publish","type":"page","link":"https:\/\/www.komposition.n-code.de\/index.php\/kontakt-2\/","title":{"rendered":"Kontakt &#038; Info"},"content":{"rendered":"<p>[et_pb_section fb_built=&#8220;1&#8243; _builder_version=&#8220;4.16&#8243; background_color=&#8220;#000000&#8243; global_colors_info=&#8220;{}&#8220;][et_pb_row _builder_version=&#8220;4.16&#8243; background_size=&#8220;initial&#8220; background_position=&#8220;top_left&#8220; background_repeat=&#8220;repeat&#8220; global_colors_info=&#8220;{}&#8220;][et_pb_column type=&#8220;4_4&#8243; _builder_version=&#8220;4.16&#8243; custom_padding=&#8220;|||&#8220; global_colors_info=&#8220;{}&#8220; custom_padding__hover=&#8220;|||&#8220;][et_pb_divider show_divider=&#8220;off&#8220; disabled_on=&#8220;on|on|off&#8220; _builder_version=&#8220;4.16&#8243; height=&#8220;50px&#8220; hide_on_mobile=&#8220;on&#8220; global_colors_info=&#8220;{}&#8220;][\/et_pb_divider][\/et_pb_column][\/et_pb_row][et_pb_row _builder_version=&#8220;4.16&#8243; background_size=&#8220;initial&#8220; background_position=&#8220;top_left&#8220; background_repeat=&#8220;repeat&#8220; global_colors_info=&#8220;{}&#8220;][et_pb_column type=&#8220;4_4&#8243; _builder_version=&#8220;4.16&#8243; custom_padding=&#8220;|||&#8220; global_colors_info=&#8220;{}&#8220; custom_padding__hover=&#8220;|||&#8220;][et_pb_text _builder_version=&#8220;4.16&#8243; use_border_color=&#8220;off&#8220; border_color=&#8220;#ffffff&#8220; border_style=&#8220;solid&#8220; global_colors_info=&#8220;{}&#8220;]<\/p>\n<h3><span style=\"color: #808080;\"><span style=\"color: #ff0000;\">info<\/span><span style=\"color: #000000;\"><br \/>\n<\/span><\/span><\/h3>\n<p>[\/et_pb_text][\/et_pb_column][\/et_pb_row][et_pb_row column_structure=&#8220;1_3,2_3&#8243; _builder_version=&#8220;4.16&#8243; background_size=&#8220;initial&#8220; background_position=&#8220;top_left&#8220; background_repeat=&#8220;repeat&#8220; global_colors_info=&#8220;{}&#8220;][et_pb_column type=&#8220;1_3&#8243; _builder_version=&#8220;4.16&#8243; custom_padding=&#8220;|||&#8220; global_colors_info=&#8220;{}&#8220; custom_padding__hover=&#8220;|||&#8220;][et_pb_image src=&#8220;https:\/\/www.komposition.n-code.de\/wp-content\/uploads\/2023\/11\/signal-2022-08-12-17-09-40-047-02_1.jpg&#8220; title_text=&#8220;signal-2022-08-12-17-09-40-047-02_2_1&#8243; force_fullwidth=&#8220;on&#8220; align_tablet=&#8220;center&#8220; align_phone=&#8220;center&#8220; align_last_edited=&#8220;on|desktop&#8220; _builder_version=&#8220;4.23&#8243; use_border_color=&#8220;off&#8220; border_color=&#8220;#ffffff&#8220; border_style=&#8220;solid&#8220; animation=&#8220;fade_in&#8220; sticky=&#8220;off&#8220; global_colors_info=&#8220;{}&#8220;][\/et_pb_image][\/et_pb_column][et_pb_column type=&#8220;2_3&#8243; _builder_version=&#8220;4.16&#8243; custom_padding=&#8220;|||&#8220; global_colors_info=&#8220;{}&#8220; custom_padding__hover=&#8220;|||&#8220;][et_pb_text _builder_version=&#8220;4.23&#8243; background_layout=&#8220;dark&#8220; use_border_color=&#8220;off&#8220; border_color=&#8220;#ffffff&#8220; border_style=&#8220;solid&#8220; global_colors_info=&#8220;{}&#8220;]<\/p>\n<div class=\"et_pb_module et_pb_text et_pb_text_3 et_pb_bg_layout_light et_pb_text_align_left\">\n<div class=\"et_pb_text_inner\">\n<div class=\"et_pb_text et_pb_module et_pb_bg_layout_light et_pb_text_align_left et_pb_text_2\"><strong>Komposition<\/strong><br \/>Die Montagen unterschiedlichster Elemente zu einem neuen Bild nenne ich Kompositionen. Als Grundlage dienen mir in den meisten F\u00e4llen Fotografien oder digitale Grafiken, die ich selbst herstelle. Manchmal werden sie mit gefundenen Bildobjekten kombiniert, die ich aus unterschiedlichsten Quellen beziehe. Teilweise entstehen dadurch Kooperationen mit anderen Fotografen, manches begegnet mir aber auch zuf\u00e4llig.<\/div>\n<div>Aktuell arbeite ich mit verschiedenen KI-Systemen f\u00fcr Bild,- Text- und Sprachgenerierung im Entstehungsprozess meiner Bilder und Videos.<\/div>\n<\/div>\n<\/div>\n<p><strong>cv<\/strong><br \/>* 1956, Studium der Politologie und Kommunikationswissenschaften, danach Kameramann, Regisseur, Autor und Fotograf<\/p>\n<p><strong>Ausstellungen:<\/strong><br \/>Seit 2000 in verschiedenen Galerien, Universit\u00e4ten, Vereinen, \u00f6ffentlichen und privaten Orten. In Alfter, Bad Honnef, Berlin, Bonn, Chemnitz, Dresden, D\u00fcsseldorf, Eitorf, Heimerzheim, Karlsruhe, K\u00f6ln, K\u00f6nigswinter, Lohmar, Mainz, M\u00f6nchengladbach, Neuwied, New York, Remagen, Siegburg, Stockholm.<\/p>\n<p><strong>Engagements:<br \/><a href=\"https:\/\/www.hotspotkw.de\" target=\"_blank\" rel=\"noopener\">HOTSPOT KW<\/a><br \/><a href=\"https:\/\/nr5.wildscreen.de\/\" target=\"_blank\" rel=\"noopener\">kulturb\u00fcro nr.5<\/a><br \/><\/strong>fr\u00fcher:<br \/>Vorsitzender des Kunstvereins antiform e.V., Bad Honnef<br \/>Vorstandsmitglied der F\u00f6rdergemeinschaft Junger Kunst, Bad Honnef<br \/>Kunst und Kulturverein ad erpelle<\/p>\n<p><strong>Links:<\/strong><br \/><strong><a href=\"http:\/\/antiform.eu\" target=\"_blank\" rel=\"noopener noreferrer\">www.antiform.eu<\/a><\/strong><br \/><strong><a href=\"http:\/\/www.brueckenfestival.info\" target=\"_blank\" rel=\"noopener noreferrer\">www.brueckenfestival.info<\/a><\/strong><br \/><strong><a href=\"http:\/\/www.aktion2t.de\" target=\"_blank\" rel=\"noopener noreferrer\">www.aktion2t.de<\/a><\/strong><br \/><strong><a href=\"http:\/\/www.endstation.wildscreen.de\" target=\"_blank\" rel=\"noopener noreferrer\">www.endstation.wildscreen.de<\/a><\/strong><\/p>\n<p>[\/et_pb_text][et_pb_text _builder_version=&#8220;4.16&#8243; background_layout=&#8220;dark&#8220; use_border_color=&#8220;off&#8220; border_color=&#8220;#ffffff&#8220; border_style=&#8220;solid&#8220; global_colors_info=&#8220;{}&#8220;]<\/p>\n<p>Helmut Reinelt<br \/>K\u00f6nigin-Sophie-Stra\u00dfe 1<br \/>53604 Bad Honnef<\/p>\n<p>Tel.: +49-160-8000591<br \/>Email: info(at)helmut-reinelt.de<\/p>\n<p>Web:<a href=\"https:\/\/www.helmut-reinelt.de\" target=\"_blank\" rel=\"noopener noreferrer\"><strong> www.helmut-reinelt.de<\/strong><\/a><\/p>\n<p>&nbsp;<\/p>\n<p>[\/et_pb_text][et_pb_image src=&#8220;http:\/\/komposition.n-code.de\/wp-content\/uploads\/2018\/10\/santa02_1.jpg&#8220; force_fullwidth=&#8220;on&#8220; align_tablet=&#8220;center&#8220; align_phone=&#8220;center&#8220; align_last_edited=&#8220;on|desktop&#8220; _builder_version=&#8220;4.16&#8243; use_border_color=&#8220;off&#8220; border_color=&#8220;#ffffff&#8220; border_style=&#8220;solid&#8220; animation=&#8220;fade_in&#8220; sticky=&#8220;off&#8220; global_colors_info=&#8220;{}&#8220;][\/et_pb_image][\/et_pb_column][\/et_pb_row][et_pb_row _builder_version=&#8220;4.16&#8243; background_size=&#8220;initial&#8220; background_position=&#8220;top_left&#8220; background_repeat=&#8220;repeat&#8220; global_colors_info=&#8220;{}&#8220;][et_pb_column type=&#8220;4_4&#8243; _builder_version=&#8220;4.16&#8243; custom_padding=&#8220;|||&#8220; global_colors_info=&#8220;{}&#8220; custom_padding__hover=&#8220;|||&#8220;][et_pb_divider show_divider=&#8220;off&#8220; disabled_on=&#8220;on|on|off&#8220; _builder_version=&#8220;4.16&#8243; height=&#8220;50px&#8220; hide_on_mobile=&#8220;on&#8220; global_colors_info=&#8220;{}&#8220;][\/et_pb_divider][\/et_pb_column][\/et_pb_row][\/et_pb_section]<\/p>\n","protected":false},"excerpt":{"rendered":"<p>info KompositionDie Montagen unterschiedlichster Elemente zu einem neuen Bild nenne ich Kompositionen. Als Grundlage dienen mir in den meisten F\u00e4llen Fotografien oder digitale Grafiken, die ich selbst herstelle. Manchmal werden sie mit gefundenen Bildobjekten kombiniert, die ich aus unterschiedlichsten Quellen beziehe. Teilweise entstehen dadurch Kooperationen mit anderen Fotografen, manches begegnet mir aber auch zuf\u00e4llig. Aktuell [&hellip;]<\/p>\n","protected":false},"author":1,"featured_media":0,"parent":0,"menu_order":0,"comment_status":"closed","ping_status":"closed","template":"","meta":{"_et_pb_use_builder":"on","_et_pb_old_content":"","_et_gb_content_width":"","footnotes":""},"_links":{"self":[{"href":"https:\/\/www.komposition.n-code.de\/index.php\/wp-json\/wp\/v2\/pages\/5703"}],"collection":[{"href":"https:\/\/www.komposition.n-code.de\/index.php\/wp-json\/wp\/v2\/pages"}],"about":[{"href":"https:\/\/www.komposition.n-code.de\/index.php\/wp-json\/wp\/v2\/types\/page"}],"author":[{"embeddable":true,"href":"https:\/\/www.komposition.n-code.de\/index.php\/wp-json\/wp\/v2\/users\/1"}],"replies":[{"embeddable":true,"href":"https:\/\/www.komposition.n-code.de\/index.php\/wp-json\/wp\/v2\/comments?post=5703"}],"version-history":[{"count":16,"href":"https:\/\/www.komposition.n-code.de\/index.php\/wp-json\/wp\/v2\/pages\/5703\/revisions"}],"predecessor-version":[{"id":6519,"href":"https:\/\/www.komposition.n-code.de\/index.php\/wp-json\/wp\/v2\/pages\/5703\/revisions\/6519"}],"wp:attachment":[{"href":"https:\/\/www.komposition.n-code.de\/index.php\/wp-json\/wp\/v2\/media?parent=5703"}],"curies":[{"name":"wp","href":"https:\/\/api.w.org\/{rel}","templated":true}]}}