{"id":5998,"date":"2023-10-18T17:42:39","date_gmt":"2023-10-18T15:42:39","guid":{"rendered":"https:\/\/www.komposition.n-code.de\/?page_id=5998"},"modified":"2023-10-21T13:19:01","modified_gmt":"2023-10-21T11:19:01","slug":"uw-kate","status":"publish","type":"page","link":"https:\/\/www.komposition.n-code.de\/index.php\/uw-kate\/","title":{"rendered":"unwirklich-kate"},"content":{"rendered":"<p>[et_pb_section fb_built=&#8220;1&#8243; _builder_version=&#8220;4.16&#8243; background_color=&#8220;#000000&#8243; global_colors_info=&#8220;{}&#8220;][et_pb_row _builder_version=&#8220;4.16&#8243; background_size=&#8220;initial&#8220; background_position=&#8220;top_left&#8220; background_repeat=&#8220;repeat&#8220; global_colors_info=&#8220;{}&#8220;][et_pb_column type=&#8220;4_4&#8243; _builder_version=&#8220;4.16&#8243; custom_padding=&#8220;|||&#8220; global_colors_info=&#8220;{}&#8220; custom_padding__hover=&#8220;|||&#8220;][et_pb_divider show_divider=&#8220;off&#8220; disabled_on=&#8220;on|on|off&#8220; _builder_version=&#8220;4.16&#8243; height=&#8220;20px&#8220; hide_on_mobile=&#8220;on&#8220; global_colors_info=&#8220;{}&#8220;]&nbsp;<br \/>\n[\/et_pb_divider][\/et_pb_column][\/et_pb_row][et_pb_row _builder_version=&#8220;4.23&#8243; _module_preset=&#8220;default&#8220; global_colors_info=&#8220;{}&#8220;][et_pb_column type=&#8220;4_4&#8243; _builder_version=&#8220;4.23&#8243; _module_preset=&#8220;default&#8220; global_colors_info=&#8220;{}&#8220;][et_pb_text admin_label=&#8220;unwirklich titeltext&#8220; _builder_version=&#8220;4.23&#8243; background_size=&#8220;initial&#8220; background_position=&#8220;top_left&#8220; background_repeat=&#8220;repeat&#8220; use_border_color=&#8220;off&#8220; border_color=&#8220;#ffffff&#8220; border_style=&#8220;solid&#8220; global_colors_info=&#8220;{}&#8220;]<\/p>\n<h1><span style=\"color: #808080;\"><span style=\"color: #000000;\"><a href=\"https:\/\/www.komposition.n-code.de\/index.php\/unwirklich\/\"><strong><span style=\"color: #ff0000;\">UNWIRKLICH!<\/span><\/strong><\/a><br \/><\/span><\/span><\/h1>\n<p>[\/et_pb_text][\/et_pb_column][\/et_pb_row][et_pb_row column_structure=&#8220;3_4,1_4&#8243; _builder_version=&#8220;4.16&#8243; background_size=&#8220;initial&#8220; background_position=&#8220;top_left&#8220; background_repeat=&#8220;repeat&#8220; global_colors_info=&#8220;{}&#8220;][et_pb_column type=&#8220;3_4&#8243; _builder_version=&#8220;4.16&#8243; custom_padding=&#8220;|||&#8220; global_colors_info=&#8220;{}&#8220; custom_padding__hover=&#8220;|||&#8220;][et_pb_image src=&#8220;https:\/\/www.komposition.n-code.de\/wp-content\/uploads\/2023\/10\/kate-huff-orlando-160x200_1.jpg&#8220; title_text=&#8220;kate huff&#8220; admin_label=&#8220;bild kate&#8220; _builder_version=&#8220;4.23&#8243; _module_preset=&#8220;default&#8220; global_colors_info=&#8220;{}&#8220;][\/et_pb_image][\/et_pb_column][et_pb_column type=&#8220;1_4&#8243; _builder_version=&#8220;4.16&#8243; custom_padding=&#8220;|||&#8220; global_colors_info=&#8220;{}&#8220; custom_padding__hover=&#8220;|||&#8220;][et_pb_text admin_label=&#8220;Name&#8220; _builder_version=&#8220;4.23&#8243; background_layout=&#8220;dark&#8220; custom_padding=&#8220;||0px|||&#8220; global_colors_info=&#8220;{}&#8220;]<\/p>\n<h2><span style=\"color: #e02b20;\"><strong>KATE J. HUFF<br \/><\/strong><\/span><\/h2>\n<p>982 Barnes Street<br \/>Orlando, FL 32801<br \/>USA<\/p>\n<p>[\/et_pb_text][et_pb_text _builder_version=&#8220;4.23&#8243; background_layout=&#8220;dark&#8220; custom_padding=&#8220;||0px|||&#8220; global_colors_info=&#8220;{}&#8220;]<\/p>\n<p>Geo-Koordinaten: 28,552744, -81,367997<br \/>M\u00e4dchenname der Mutter: Conner<br \/>SSN: 265-77-XXXX<br \/>Geburtsdatum: 27. Oktober 1975<br \/>Tierkreiszeichen: Skorpion<br \/>Gr\u00f6\u00dfe: 162 cm<br \/>Gewicht: 65 kg<br \/>Blutgruppe: 0-<br \/>Lieblingsfarbe: Gr\u00fcn<br \/>Telefon: +1 407 317 9044<br \/>E-Mail-Adresse: katejhuff@trompetter.com<br \/>Benutzername: Pling1975<br \/>Passwort: aithohtet8Ch<br \/>Webseite: bossbrains.com<br \/>Beruf: Pesticide Handler<br \/>Arbeitgeber: Penn Fruit Inc.<br \/>Mastercard: 5327 9262 7939 2816<br \/>L\u00e4uft ab am: 04\/25<br \/>CVV2: 649<br \/>Fahrzeug: GMC Canyon<br \/>Baujahr: 2010<\/p>\n<p>[\/et_pb_text][et_pb_button button_url=&#8220;https:\/\/www.komposition.n-code.de\/index.php\/unwirklich\/&#8220; button_text=&#8220;zur\u00fcck&#8220; button_alignment=&#8220;left&#8220; admin_label=&#8220;Button&#8220; _builder_version=&#8220;4.23&#8243; _module_preset=&#8220;default&#8220; custom_button=&#8220;on&#8220; button_text_size=&#8220;13px&#8220; button_bg_color=&#8220;#202020&#8243; button_border_width=&#8220;4px&#8220; background_layout=&#8220;dark&#8220; custom_padding=&#8220;0px|40px|0px|40px|false|false&#8220; global_colors_info=&#8220;{}&#8220;][\/et_pb_button][\/et_pb_column][\/et_pb_row][\/et_pb_section][et_pb_section fb_built=&#8220;1&#8243; prev_background_color=&#8220;#000000&#8243; _builder_version=&#8220;4.23&#8243; background_color=&#8220;#202020&#8243; custom_margin=&#8220;||-82px|||&#8220; custom_padding=&#8220;36px|||||&#8220; top_divider_style=&#8220;slant&#8220; top_divider_height=&#8220;51px&#8220; global_colors_info=&#8220;{}&#8220;][et_pb_row _builder_version=&#8220;4.23&#8243; _module_preset=&#8220;default&#8220; global_colors_info=&#8220;{}&#8220;][et_pb_column type=&#8220;4_4&#8243; _builder_version=&#8220;4.23&#8243; _module_preset=&#8220;default&#8220; global_colors_info=&#8220;{}&#8220;][et_pb_text admin_label=&#8220;statements&#8220; _builder_version=&#8220;4.23&#8243; background_size=&#8220;initial&#8220; background_position=&#8220;top_left&#8220; background_repeat=&#8220;repeat&#8220; hover_enabled=&#8220;0&#8243; use_border_color=&#8220;off&#8220; border_color=&#8220;#ffffff&#8220; border_style=&#8220;solid&#8220; global_colors_info=&#8220;{}&#8220; custom_padding=&#8220;53px||0px|||&#8220; sticky_enabled=&#8220;0&#8243;]<\/p>\n<h3><span style=\"color: #808080;\"><span style=\"color: #000000;\"><strong><span style=\"color: #ff0000;\">WER ICH BIN<\/span><\/strong><br \/><\/span><\/span><\/h3>\n<p>[\/et_pb_text][\/et_pb_column][\/et_pb_row][et_pb_row column_structure=&#8220;1_4,1_4,1_4,1_4&#8243; admin_label=&#8220;info&#8220; _builder_version=&#8220;4.16&#8243; background_size=&#8220;initial&#8220; background_position=&#8220;top_left&#8220; background_repeat=&#8220;repeat&#8220; global_colors_info=&#8220;{}&#8220;][et_pb_column type=&#8220;1_4&#8243; _builder_version=&#8220;4.16&#8243; custom_padding=&#8220;|||&#8220; global_colors_info=&#8220;{}&#8220; custom_padding__hover=&#8220;|||&#8220;][et_pb_text _builder_version=&#8220;4.16&#8243; background_layout=&#8220;dark&#8220; custom_padding=&#8220;||0px|||&#8220; global_colors_info=&#8220;{}&#8220;]<\/p>\n<p>Nach meiner Scheidung bin ich nun eine unabh\u00e4ngige Frau und stolze Mutter von zwei erwachsenen Kindern, die ihre eigenen Wege gehen. Mit meinen Kindern au\u00dfer Haus habe ich etwas mehr Zeit f\u00fcr mich selbst und meine Interessen.<br \/>(\u2026)<\/p>\n<p>[\/et_pb_text][\/et_pb_column][et_pb_column type=&#8220;1_4&#8243; _builder_version=&#8220;4.16&#8243; custom_padding=&#8220;|||&#8220; global_colors_info=&#8220;{}&#8220; custom_padding__hover=&#8220;|||&#8220;][et_pb_text _builder_version=&#8220;4.16&#8243; background_layout=&#8220;dark&#8220; custom_padding=&#8220;||0px|||&#8220; global_colors_info=&#8220;{}&#8220;]<\/p>\n<p>In der Gewerkschaft habe ich eine starke Gemeinschaft gefunden, die f\u00fcr die Rechte der Arbeitnehmer k\u00e4mpft. Es ist mir wichtig, f\u00fcr Gerechtigkeit und faire Arbeitsbedingungen einzustehen, nicht nur f\u00fcr mich, sondern f\u00fcr alle Kollegen bei Penn Fruit Inc.<br \/>(\u2026)<\/p>\n<p>[\/et_pb_text][\/et_pb_column][et_pb_column type=&#8220;1_4&#8243; _builder_version=&#8220;4.16&#8243; custom_padding=&#8220;|||&#8220; global_colors_info=&#8220;{}&#8220; custom_padding__hover=&#8220;|||&#8220;][et_pb_text _builder_version=&#8220;4.16&#8243; background_layout=&#8220;dark&#8220; custom_padding=&#8220;||0px|||&#8220; global_colors_info=&#8220;{}&#8220;]<\/p>\n<p>An den Wochenenden mache ich gerne Ausfl\u00fcge in die nahegelegenen Naturparks. Ein Favorit von mir ist der Wekiwa Springs State Park. Dort kann ich stundenlang wandern, die wundersch\u00f6ne Landschaft genie\u00dfen und mich in den klaren Quellen erfrischen. Es ist ein perfekter Ort, um dem Trubel des Alltags zu entfliehen und die Natur in ihrer ganzen Pracht zu erleben.<br \/>(\u2026)<\/p>\n<p>[\/et_pb_text][\/et_pb_column][et_pb_column type=&#8220;1_4&#8243; _builder_version=&#8220;4.16&#8243; custom_padding=&#8220;|||&#8220; global_colors_info=&#8220;{}&#8220; custom_padding__hover=&#8220;|||&#8220;][et_pb_text _builder_version=&#8220;4.16&#8243; background_layout=&#8220;dark&#8220; custom_padding=&#8220;||0px|||&#8220; global_colors_info=&#8220;{}&#8220;]<\/p>\n<p>Ein weiterer gro\u00dfer Traum von mir ist es, meine Leidenschaft f\u00fcr die Natur und den Umweltschutz in die Tat umzusetzen. Ich tr\u00e4ume davon, dass ich mich in meiner Gemeinde f\u00fcr den Schutz der Umwelt einsetzen kann, sei es durch Initiativen zur M\u00fclltrennung, zur F\u00f6rderung erneuerbarer Energien oder zum Schutz nat\u00fcrlicher Lebensr\u00e4ume. Es ist mir wichtig, dass kommende Generationen eine intakte Umwelt vorfinden, die sie genie\u00dfen und sch\u00e4tzen k\u00f6nnen.<br \/>(\u2026)<\/p>\n<p>[\/et_pb_text][et_pb_button button_url=&#8220;https:\/\/www.komposition.n-code.de\/index.php\/unwirklich\/&#8220; button_text=&#8220;zur\u00fcck&#8220; button_alignment=&#8220;left&#8220; admin_label=&#8220;Button&#8220; _builder_version=&#8220;4.23&#8243; _module_preset=&#8220;default&#8220; custom_button=&#8220;on&#8220; button_text_size=&#8220;13px&#8220; button_bg_color=&#8220;#404040&#8243; button_border_width=&#8220;4px&#8220; background_layout=&#8220;dark&#8220; custom_padding=&#8220;0px|40px|0px|40px|false|false&#8220; global_colors_info=&#8220;{}&#8220;][\/et_pb_button][\/et_pb_column][\/et_pb_row][\/et_pb_section][et_pb_section fb_built=&#8220;1&#8243; _builder_version=&#8220;4.23&#8243; background_color=&#8220;#000000&#8243; custom_padding=&#8220;35px|||||&#8220; top_divider_style=&#8220;slant&#8220; top_divider_color=&#8220;#202020&#8243; top_divider_height=&#8220;75px&#8220; global_colors_info=&#8220;{}&#8220;][et_pb_row _builder_version=&#8220;4.23&#8243; _module_preset=&#8220;default&#8220; global_colors_info=&#8220;{}&#8220;][et_pb_column type=&#8220;4_4&#8243; _builder_version=&#8220;4.23&#8243; _module_preset=&#8220;default&#8220; global_colors_info=&#8220;{}&#8220;][et_pb_text admin_label=&#8220;fotos&#8220; _builder_version=&#8220;4.23&#8243; background_size=&#8220;initial&#8220; background_position=&#8220;top_left&#8220; background_repeat=&#8220;repeat&#8220; hover_enabled=&#8220;0&#8243; use_border_color=&#8220;off&#8220; border_color=&#8220;#ffffff&#8220; border_style=&#8220;solid&#8220; global_colors_info=&#8220;{}&#8220; custom_padding=&#8220;50px|||||&#8220; sticky_enabled=&#8220;0&#8243;]<\/p>\n<h2><span style=\"color: #808080;\"><span style=\"color: #000000;\"><strong><span style=\"color: #ff0000;\">MEINE FOTOS<\/span><br \/><\/strong><\/span><\/span><\/h2>\n<p>[\/et_pb_text][\/et_pb_column][\/et_pb_row][et_pb_row _builder_version=&#8220;4.16&#8243; background_size=&#8220;initial&#8220; background_position=&#8220;top_left&#8220; background_repeat=&#8220;repeat&#8220; global_colors_info=&#8220;{}&#8220;][et_pb_column type=&#8220;4_4&#8243; _builder_version=&#8220;4.16&#8243; custom_padding=&#8220;|||&#8220; global_colors_info=&#8220;{}&#8220; custom_padding__hover=&#8220;|||&#8220;][et_pb_gallery gallery_ids=&#8220;6034,6005,6004,6008,6031,6030,6009,6010,6032,6007,6002,6006&#8243; posts_number=&#8220;100&#8243; show_pagination=&#8220;off&#8220; zoom_icon_color=&#8220;#2ea3f2&#8243; _builder_version=&#8220;4.16&#8243; background_layout=&#8220;dark&#8220; use_border_color=&#8220;off&#8220; global_colors_info=&#8220;{}&#8220;]&nbsp;<br \/>\n[\/et_pb_gallery][et_pb_button button_url=&#8220;https:\/\/www.komposition.n-code.de\/index.php\/unwirklich\/&#8220; button_text=&#8220;zur\u00fcck&#8220; button_alignment=&#8220;left&#8220; admin_label=&#8220;Button&#8220; _builder_version=&#8220;4.23&#8243; _module_preset=&#8220;default&#8220; custom_button=&#8220;on&#8220; button_text_size=&#8220;13px&#8220; button_bg_color=&#8220;#404040&#8243; button_border_width=&#8220;4px&#8220; background_layout=&#8220;dark&#8220; custom_padding=&#8220;0px|40px|0px|40px|false|false&#8220; global_colors_info=&#8220;{}&#8220;][\/et_pb_button][\/et_pb_column][\/et_pb_row][\/et_pb_section][et_pb_section fb_built=&#8220;1&#8243; prev_background_color=&#8220;#000000&#8243; _builder_version=&#8220;4.23&#8243; background_color=&#8220;#121212&#8243; top_divider_style=&#8220;slant&#8220; top_divider_height=&#8220;34px&#8220; top_divider_flip=&#8220;horizontal&#8220; global_colors_info=&#8220;{}&#8220;][et_pb_row _builder_version=&#8220;4.23&#8243; _module_preset=&#8220;default&#8220; global_colors_info=&#8220;{}&#8220;][et_pb_column type=&#8220;4_4&#8243; _builder_version=&#8220;4.23&#8243; _module_preset=&#8220;default&#8220; global_colors_info=&#8220;{}&#8220;][et_pb_text admin_label=&#8220;video&#8220; _builder_version=&#8220;4.23&#8243; background_size=&#8220;initial&#8220; background_position=&#8220;top_left&#8220; background_repeat=&#8220;repeat&#8220; use_border_color=&#8220;off&#8220; border_color=&#8220;#ffffff&#8220; border_style=&#8220;solid&#8220; global_colors_info=&#8220;{}&#8220;]<\/p>\n<h2><span style=\"color: #808080;\"><span style=\"color: #000000;\"><strong><span style=\"color: #ff0000;\">KATE&#8217;S VIDEO<\/span><br \/><\/strong><\/span><\/span><\/h2>\n<p>[\/et_pb_text][\/et_pb_column][\/et_pb_row][et_pb_row admin_label=&#8220;info&#8220; _builder_version=&#8220;4.16&#8243; background_size=&#8220;initial&#8220; background_position=&#8220;top_left&#8220; background_repeat=&#8220;repeat&#8220; custom_padding=&#8220;0px||0px||false|false&#8220; global_colors_info=&#8220;{}&#8220;][et_pb_column type=&#8220;4_4&#8243; _builder_version=&#8220;4.16&#8243; custom_padding=&#8220;|||&#8220; global_colors_info=&#8220;{}&#8220; custom_padding__hover=&#8220;|||&#8220;][et_pb_code admin_label=&#8220;embedded video&#8220; _builder_version=&#8220;4.23&#8243; _module_preset=&#8220;default&#8220; global_colors_info=&#8220;{}&#8220;]<iframe loading=\"lazy\" width=\"560\" height=\"315\" src=\"https:\/\/www.youtube.com\/embed\/iaDfyYXUR64?si=AToKoIPTdC-GCFrM&#038;loop=1&#038;rel=0&#038;showinfo=0\" title=\"YouTube video player\" frameborder=\"0\" allow=\"accelerometer; autoplay; clipboard-write; encrypted-media; gyroscope; picture-in-picture; web-share\" allowfullscreen><\/iframe>[\/et_pb_code][\/et_pb_column][\/et_pb_row][\/et_pb_section]<\/p>\n","protected":false},"excerpt":{"rendered":"<p>&nbsp; UNWIRKLICH!KATE J. HUFF 982 Barnes StreetOrlando, FL 32801USAGeo-Koordinaten: 28,552744, -81,367997M\u00e4dchenname der Mutter: ConnerSSN: 265-77-XXXXGeburtsdatum: 27. Oktober 1975Tierkreiszeichen: SkorpionGr\u00f6\u00dfe: 162 cmGewicht: 65 kgBlutgruppe: 0-Lieblingsfarbe: Gr\u00fcnTelefon: +1 407 317 9044E-Mail-Adresse: katejhuff@trompetter.comBenutzername: Pling1975Passwort: aithohtet8ChWebseite: bossbrains.comBeruf: Pesticide HandlerArbeitgeber: Penn Fruit Inc.Mastercard: 5327 9262 7939 2816L\u00e4uft ab am: 04\/25CVV2: 649Fahrzeug: GMC CanyonBaujahr: 2010WER ICH BINNach meiner Scheidung bin ich [&hellip;]<\/p>\n","protected":false},"author":1,"featured_media":0,"parent":0,"menu_order":0,"comment_status":"closed","ping_status":"closed","template":"","meta":{"_et_pb_use_builder":"on","_et_pb_old_content":"","_et_gb_content_width":"","footnotes":""},"_links":{"self":[{"href":"https:\/\/www.komposition.n-code.de\/index.php\/wp-json\/wp\/v2\/pages\/5998"}],"collection":[{"href":"https:\/\/www.komposition.n-code.de\/index.php\/wp-json\/wp\/v2\/pages"}],"about":[{"href":"https:\/\/www.komposition.n-code.de\/index.php\/wp-json\/wp\/v2\/types\/page"}],"author":[{"embeddable":true,"href":"https:\/\/www.komposition.n-code.de\/index.php\/wp-json\/wp\/v2\/users\/1"}],"replies":[{"embeddable":true,"href":"https:\/\/www.komposition.n-code.de\/index.php\/wp-json\/wp\/v2\/comments?post=5998"}],"version-history":[{"count":87,"href":"https:\/\/www.komposition.n-code.de\/index.php\/wp-json\/wp\/v2\/pages\/5998\/revisions"}],"predecessor-version":[{"id":6260,"href":"https:\/\/www.komposition.n-code.de\/index.php\/wp-json\/wp\/v2\/pages\/5998\/revisions\/6260"}],"wp:attachment":[{"href":"https:\/\/www.komposition.n-code.de\/index.php\/wp-json\/wp\/v2\/media?parent=5998"}],"curies":[{"name":"wp","href":"https:\/\/api.w.org\/{rel}","templated":true}]}}