{"id":6131,"date":"2023-10-20T18:45:15","date_gmt":"2023-10-20T16:45:15","guid":{"rendered":"https:\/\/www.komposition.n-code.de\/?page_id=6131"},"modified":"2023-11-01T20:42:16","modified_gmt":"2023-11-01T19:42:16","slug":"unwirklich","status":"publish","type":"page","link":"https:\/\/www.komposition.n-code.de\/index.php\/unwirklich\/","title":{"rendered":"UNWIRKLICH!"},"content":{"rendered":"<p>[et_pb_section fb_built=&#8220;1&#8243; _builder_version=&#8220;4.16&#8243; background_color=&#8220;#000000&#8243; global_colors_info=&#8220;{}&#8220;][et_pb_row _builder_version=&#8220;4.16&#8243; background_size=&#8220;initial&#8220; background_position=&#8220;top_left&#8220; background_repeat=&#8220;repeat&#8220; global_colors_info=&#8220;{}&#8220;][et_pb_column type=&#8220;4_4&#8243; _builder_version=&#8220;4.16&#8243; custom_padding=&#8220;|||&#8220; global_colors_info=&#8220;{}&#8220; custom_padding__hover=&#8220;|||&#8220;][et_pb_divider show_divider=&#8220;off&#8220; disabled_on=&#8220;on|on|off&#8220; _builder_version=&#8220;4.16&#8243; height=&#8220;20px&#8220; hide_on_mobile=&#8220;on&#8220; global_colors_info=&#8220;{}&#8220;]&nbsp;<br \/>\n[\/et_pb_divider][\/et_pb_column][\/et_pb_row][et_pb_row column_structure=&#8220;1_3,2_3&#8243; _builder_version=&#8220;4.16&#8243; background_size=&#8220;initial&#8220; background_position=&#8220;top_left&#8220; background_repeat=&#8220;repeat&#8220; global_colors_info=&#8220;{}&#8220;][et_pb_column type=&#8220;1_3&#8243; _builder_version=&#8220;4.16&#8243; custom_padding=&#8220;|||&#8220; global_colors_info=&#8220;{}&#8220; custom_padding__hover=&#8220;|||&#8220;][et_pb_text _builder_version=&#8220;4.23&#8243; background_size=&#8220;initial&#8220; background_position=&#8220;top_left&#8220; background_repeat=&#8220;repeat&#8220; hover_enabled=&#8220;0&#8243; use_border_color=&#8220;off&#8220; border_color=&#8220;#ffffff&#8220; border_style=&#8220;solid&#8220; global_colors_info=&#8220;{}&#8220; sticky_enabled=&#8220;0&#8243;]<\/p>\n<h2><span style=\"color: #808080;\"><span style=\"color: #000000;\"><strong><span style=\"color: #ff0000;\">unwirklich!<\/span><\/strong><br \/><\/span><\/span><\/h2>\n<p>[\/et_pb_text][\/et_pb_column][et_pb_column type=&#8220;2_3&#8243; _builder_version=&#8220;4.16&#8243; custom_padding=&#8220;|||&#8220; global_colors_info=&#8220;{}&#8220; custom_padding__hover=&#8220;|||&#8220;][et_pb_text _builder_version=&#8220;4.23&#8243; background_layout=&#8220;dark&#8220; custom_padding=&#8220;||0px|||&#8220; global_colors_info=&#8220;{}&#8220;]<\/p>\n<p style=\"text-align: right;\"><span style=\"color: #e02b20;\"><strong>Alles was Du Dir vorstellen kannst ist real!<br \/><\/strong><\/span><span style=\"color: #b5b5b5;\">(Pablo Picasso)<\/span><\/p>\n<p>[\/et_pb_text][\/et_pb_column][\/et_pb_row][\/et_pb_section][et_pb_section fb_built=&#8220;1&#8243; _builder_version=&#8220;4.23&#8243; _module_preset=&#8220;default&#8220; background_color=&#8220;#202020&#8243; top_divider_style=&#8220;slant&#8220; top_divider_color=&#8220;#000000&#8243; top_divider_height=&#8220;57px&#8220; bottom_divider_style=&#8220;slant&#8220; bottom_divider_color=&#8220;#000000&#8243; bottom_divider_height=&#8220;56px&#8220; bottom_divider_flip=&#8220;horizontal&#8220; global_colors_info=&#8220;{}&#8220;][et_pb_row _builder_version=&#8220;4.23&#8243; _module_preset=&#8220;default&#8220; global_colors_info=&#8220;{}&#8220;][et_pb_column type=&#8220;4_4&#8243; _builder_version=&#8220;4.23&#8243; _module_preset=&#8220;default&#8220; global_colors_info=&#8220;{}&#8220;][et_pb_text _builder_version=&#8220;4.23&#8243; background_size=&#8220;initial&#8220; background_position=&#8220;top_left&#8220; background_repeat=&#8220;repeat&#8220; use_border_color=&#8220;off&#8220; border_color=&#8220;#ffffff&#8220; border_style=&#8220;solid&#8220; global_colors_info=&#8220;{}&#8220;]<\/p>\n<h3><span style=\"color: #808080;\"><span style=\"color: #000000;\"><strong><span style=\"color: #ff0000;\">PORTRAITS<\/span><br \/><\/strong><\/span><\/span><\/h3>\n<p>[\/et_pb_text][\/et_pb_column][\/et_pb_row][et_pb_row column_structure=&#8220;1_4,1_4,1_4,1_4&#8243; _builder_version=&#8220;4.23&#8243; _module_preset=&#8220;default&#8220; global_colors_info=&#8220;{}&#8220;][et_pb_column type=&#8220;1_4&#8243; _builder_version=&#8220;4.23&#8243; _module_preset=&#8220;default&#8220; global_colors_info=&#8220;{}&#8220;][et_pb_image src=&#8220;https:\/\/www.komposition.n-code.de\/wp-content\/uploads\/2023\/10\/tessaloniki-160x200_1.jpg&#8220; title_text=&#8220;Sotirios Theofanis&#8220; url=&#8220;https:\/\/www.komposition.n-code.de\/index.php\/uw-sotirios\/&#8220; admin_label=&#8220;sotirios&#8220; _builder_version=&#8220;4.23&#8243; _module_preset=&#8220;default&#8220; global_colors_info=&#8220;{}&#8220;][\/et_pb_image][et_pb_text _builder_version=&#8220;4.23&#8243; _module_preset=&#8220;default&#8220; global_colors_info=&#8220;{}&#8220;]<\/p>\n<p><strong>Sotirios Theofanis<br \/><\/strong>Professor<\/p>\n<p>[\/et_pb_text][\/et_pb_column][et_pb_column type=&#8220;1_4&#8243; _builder_version=&#8220;4.23&#8243; _module_preset=&#8220;default&#8220; global_colors_info=&#8220;{}&#8220;][et_pb_image src=&#8220;https:\/\/www.komposition.n-code.de\/wp-content\/uploads\/2023\/10\/kate-huff-orlando-160x200_1.jpg&#8220; title_text=&#8220;kate huff&#8220; url=&#8220;https:\/\/www.komposition.n-code.de\/index.php\/uw-kate\/&#8220; admin_label=&#8220;kate&#8220; _builder_version=&#8220;4.23&#8243; _module_preset=&#8220;default&#8220; global_colors_info=&#8220;{}&#8220;][\/et_pb_image][et_pb_text _builder_version=&#8220;4.23&#8243; _module_preset=&#8220;default&#8220; global_colors_info=&#8220;{}&#8220;]<\/p>\n<p><strong>Kate J, Huff<\/strong><br \/>Angestellte &amp; Aktivistin<\/p>\n<p>[\/et_pb_text][\/et_pb_column][et_pb_column type=&#8220;1_4&#8243; _builder_version=&#8220;4.23&#8243; _module_preset=&#8220;default&#8220; global_colors_info=&#8220;{}&#8220;][et_pb_image src=&#8220;https:\/\/www.komposition.n-code.de\/wp-content\/uploads\/2023\/10\/phildelphia-160x200_1.jpg&#8220; title_text=&#8220;Jesus M. Scoville&#8220; url=&#8220;https:\/\/www.komposition.n-code.de\/index.php\/uw-jesus\/&#8220; admin_label=&#8220;jesus&#8220; _builder_version=&#8220;4.23&#8243; _module_preset=&#8220;default&#8220; global_colors_info=&#8220;{}&#8220;][\/et_pb_image][et_pb_text _builder_version=&#8220;4.23&#8243; _module_preset=&#8220;default&#8220; global_colors_info=&#8220;{}&#8220;]<\/p>\n<p class=\"et_pb_gallery_title\"><strong>Jesus M. Scoville <br \/><\/strong>Musiker<\/p>\n<p>[\/et_pb_text][\/et_pb_column][et_pb_column type=&#8220;1_4&#8243; _builder_version=&#8220;4.23&#8243; _module_preset=&#8220;default&#8220; global_colors_info=&#8220;{}&#8220;][et_pb_image src=&#8220;https:\/\/www.komposition.n-code.de\/wp-content\/uploads\/2023\/10\/parvaneh-ardakani_1.jpg&#8220; title_text=&#8220;Parvaneh Ardakani&#8220; admin_label=&#8220;parvaneh&#8220; _builder_version=&#8220;4.23&#8243; _module_preset=&#8220;default&#8220; global_colors_info=&#8220;{}&#8220;][\/et_pb_image][et_pb_text _builder_version=&#8220;4.23&#8243; _module_preset=&#8220;default&#8220; global_colors_info=&#8220;{}&#8220;]<\/p>\n<p class=\"et_pb_gallery_title\"><strong>Parvaneh Ardakani<\/strong><br \/>Akquisiteurin<\/p>\n<p>[\/et_pb_text][\/et_pb_column][\/et_pb_row][et_pb_row column_structure=&#8220;1_4,1_4,1_4,1_4&#8243; _builder_version=&#8220;4.23&#8243; _module_preset=&#8220;default&#8220; global_colors_info=&#8220;{}&#8220;][et_pb_column type=&#8220;1_4&#8243; _builder_version=&#8220;4.23&#8243; _module_preset=&#8220;default&#8220; global_colors_info=&#8220;{}&#8220;][et_pb_image src=&#8220;https:\/\/www.komposition.n-code.de\/wp-content\/uploads\/2023\/10\/marseille-160x200_1.jpg&#8220; title_text=&#8220;Archard Bonami&#8220; admin_label=&#8220;archard&#8220; _builder_version=&#8220;4.23&#8243; _module_preset=&#8220;default&#8220; global_colors_info=&#8220;{}&#8220;][\/et_pb_image][et_pb_text _builder_version=&#8220;4.23&#8243; _module_preset=&#8220;default&#8220; global_colors_info=&#8220;{}&#8220;]<\/p>\n<p><strong>Archard Bonami<br \/><\/strong>Immobilienmakler<strong><br \/><\/strong><\/p>\n<p>[\/et_pb_text][\/et_pb_column][et_pb_column type=&#8220;1_4&#8243; _builder_version=&#8220;4.23&#8243; _module_preset=&#8220;default&#8220; global_colors_info=&#8220;{}&#8220;][et_pb_image src=&#8220;https:\/\/www.komposition.n-code.de\/wp-content\/uploads\/2023\/10\/harrison-kirby-mount-kynoch-160x200_1.jpg&#8220; title_text=&#8220;Harrison Kirby&#8220; url=&#8220;https:\/\/www.komposition.n-code.de\/index.php\/uw-kate\/&#8220; admin_label=&#8220;harrison&#8220; _builder_version=&#8220;4.23&#8243; _module_preset=&#8220;default&#8220; global_colors_info=&#8220;{}&#8220;][\/et_pb_image][et_pb_text _builder_version=&#8220;4.23&#8243; _module_preset=&#8220;default&#8220; global_colors_info=&#8220;{}&#8220;]<\/p>\n<p><strong>Harrison Kirby<br \/><\/strong>G\u00e4rtner<\/p>\n<p>[\/et_pb_text][\/et_pb_column][et_pb_column type=&#8220;1_4&#8243; _builder_version=&#8220;4.23&#8243; _module_preset=&#8220;default&#8220; global_colors_info=&#8220;{}&#8220;][et_pb_image src=&#8220;https:\/\/www.komposition.n-code.de\/wp-content\/uploads\/2023\/10\/milevka-cujnik-stopercet-160x200_1.jpg&#8220; title_text=&#8220;Milevka Cujnik&#8220; admin_label=&#8220;Milevka&#8220; _builder_version=&#8220;4.23&#8243; _module_preset=&#8220;default&#8220; global_colors_info=&#8220;{}&#8220;][\/et_pb_image][et_pb_text admin_label=&#8220;Text&#8220; _builder_version=&#8220;4.23&#8243; _module_preset=&#8220;default&#8220; global_colors_info=&#8220;{}&#8220;]<\/p>\n<p class=\"et_pb_gallery_title\"><strong>Milevka Cujnik<br \/><\/strong>Kartenverk\u00e4uferin<strong><br \/><\/strong><\/p>\n<p>[\/et_pb_text][\/et_pb_column][et_pb_column type=&#8220;1_4&#8243; _builder_version=&#8220;4.23&#8243; _module_preset=&#8220;default&#8220; global_colors_info=&#8220;{}&#8220;][et_pb_image src=&#8220;https:\/\/www.komposition.n-code.de\/wp-content\/uploads\/2023\/10\/painda-kamaluddin-berlin-160x200_1.jpg&#8220; title_text=&#8220;Painda Kamaluddin&#8220; admin_label=&#8220;painda&#8220; _builder_version=&#8220;4.23&#8243; _module_preset=&#8220;default&#8220; global_colors_info=&#8220;{}&#8220;][\/et_pb_image][et_pb_text _builder_version=&#8220;4.23&#8243; _module_preset=&#8220;default&#8220; global_colors_info=&#8220;{}&#8220;]<\/p>\n<p class=\"et_pb_gallery_title\"><strong>Painda Kamaluddin<br \/><\/strong>Hirte<strong><br \/><\/strong><\/p>\n<p>[\/et_pb_text][\/et_pb_column][\/et_pb_row][et_pb_row column_structure=&#8220;1_4,1_4,1_4,1_4&#8243; _builder_version=&#8220;4.23&#8243; _module_preset=&#8220;default&#8220; global_colors_info=&#8220;{}&#8220;][et_pb_column type=&#8220;1_4&#8243; _builder_version=&#8220;4.23&#8243; _module_preset=&#8220;default&#8220; global_colors_info=&#8220;{}&#8220;][et_pb_image src=&#8220;https:\/\/www.komposition.n-code.de\/wp-content\/uploads\/2023\/10\/alice-craig-toremore-160x200_2.jpg&#8220; title_text=&#8220;Alice Craig&#8220; admin_label=&#8220;alice&#8220; _builder_version=&#8220;4.23&#8243; _module_preset=&#8220;default&#8220; global_colors_info=&#8220;{}&#8220;][\/et_pb_image][et_pb_text _builder_version=&#8220;4.23&#8243; _module_preset=&#8220;default&#8220; global_colors_info=&#8220;{}&#8220;]<\/p>\n<p><strong>Alice Craig<br \/><\/strong>Junior Future Shaper<strong><br \/><\/strong><\/p>\n<p>[\/et_pb_text][\/et_pb_column][et_pb_column type=&#8220;1_4&#8243; _builder_version=&#8220;4.23&#8243; _module_preset=&#8220;default&#8220; global_colors_info=&#8220;{}&#8220;][et_pb_image src=&#8220;https:\/\/www.komposition.n-code.de\/wp-content\/uploads\/2023\/10\/paul-kohler-dresden-160x200_1.jpg&#8220; title_text=&#8220;Paul Kohler&#8220; url=&#8220;https:\/\/www.komposition.n-code.de\/index.php\/uw-kate\/&#8220; admin_label=&#8220;paul&#8220; _builder_version=&#8220;4.23&#8243; _module_preset=&#8220;default&#8220; global_colors_info=&#8220;{}&#8220;][\/et_pb_image][et_pb_text _builder_version=&#8220;4.23&#8243; _module_preset=&#8220;default&#8220; global_colors_info=&#8220;{}&#8220;]<\/p>\n<p><strong>Paul Kohler<br \/><\/strong>Rentner<\/p>\n<p>[\/et_pb_text][\/et_pb_column][et_pb_column type=&#8220;1_4&#8243; _builder_version=&#8220;4.23&#8243; _module_preset=&#8220;default&#8220; global_colors_info=&#8220;{}&#8220;][\/et_pb_column][et_pb_column type=&#8220;1_4&#8243; _builder_version=&#8220;4.23&#8243; _module_preset=&#8220;default&#8220; global_colors_info=&#8220;{}&#8220;][\/et_pb_column][\/et_pb_row][\/et_pb_section][et_pb_section fb_built=&#8220;1&#8243; _builder_version=&#8220;4.23&#8243; _module_preset=&#8220;default&#8220; top_divider_color=&#8220;#303030&#8243; top_divider_flip=&#8220;horizontal&#8220; global_colors_info=&#8220;{}&#8220;][et_pb_row column_structure=&#8220;1_4,3_4&#8243; _builder_version=&#8220;4.16&#8243; background_size=&#8220;initial&#8220; background_position=&#8220;top_left&#8220; background_repeat=&#8220;repeat&#8220; global_colors_info=&#8220;{}&#8220;][et_pb_column type=&#8220;1_4&#8243; _builder_version=&#8220;4.16&#8243; custom_padding=&#8220;|||&#8220; global_colors_info=&#8220;{}&#8220; custom_padding__hover=&#8220;|||&#8220;][et_pb_text _builder_version=&#8220;4.23&#8243; text_text_color=&#8220;#808080&#8243; background_layout=&#8220;dark&#8220; custom_padding=&#8220;5px|||||&#8220; global_colors_info=&#8220;{}&#8220;]<\/p>\n<div class=\"et_pb_module et_pb_text et_pb_text_1 et_pb_bg_layout_light et_pb_text_align_left\">\n<div class=\"et_pb_text_inner\">\n<h3><span style=\"color: #ff0000;\"><strong>KONZEPT<\/strong><\/span><\/h3>\n<\/div>\n<\/div>\n<p>[\/et_pb_text][\/et_pb_column][et_pb_column type=&#8220;3_4&#8243; _builder_version=&#8220;4.16&#8243; custom_padding=&#8220;|||&#8220; global_colors_info=&#8220;{}&#8220; custom_padding__hover=&#8220;|||&#8220;][et_pb_text _builder_version=&#8220;4.23&#8243; text_text_color=&#8220;#808080&#8243; background_layout=&#8220;dark&#8220; custom_padding=&#8220;5px|||||&#8220; global_colors_info=&#8220;{}&#8220;]<\/p>\n<div class=\"et_pb_module et_pb_text et_pb_text_1 et_pb_bg_layout_light et_pb_text_align_left\">\n<div class=\"et_pb_text_inner\">\n<p>Nach einigen Experimenten mit verschiedenen KI-Systemen, die aus Textprompts Bilder generieren, versuche ich beim Projekt <span style=\"color: #ff0000;\"><strong>UNWIRKLICH!<\/strong><\/span> einen ganz anderen Ansatz: Weg von den surrealen Traumwelten und hin zu einer anderen Realit\u00e4t. Die Bilder sind minimalistische Portraits von Menschen in klassischer Schwarz-Weiss \u00c4sthetik, hochgradigem Realismus und mit derselben intensiven Wirkung auf den Betrachter, die auch &#8218;echte&#8216; Fotos haben w\u00fcrden. Sie entstehen ganz bewusst nicht f\u00fcr die digitale Welt, sondern prim\u00e4r f\u00fcr die analoge. Es sollen gro\u00dfformatige Prints f\u00fcr die W\u00e4nde von R\u00e4umen sein. Zuerst f\u00fcr die Ausstellung <strong><span style=\"color: #ff0000;\">UNWIRKLICH!<\/span><\/strong> in der HOTSPOT KW factory in K\u00f6nigswinter im September 2023.<\/p>\n<p>Der Prozess dahin ist lang, denn so einfach machen es einem die KIs dann doch nicht, vom \u00fcberwiegend knallbunten Mainstream wegzukommen. Aber irgendwann nach 30-40 Runden mit der Muse Midjourney fangen die Bilder an, mit mir zu kommunizieren. Wenn ich den abgebildeten Personen in die Augen sehe, entstehen Fragen: Wer ist das? Wo und wie lebt der oder die? Was sind die W\u00fcnsche, Tr\u00e4ume oder \u00c4ngste der Charaktere? Die Antworten geben weitere KI-Systeme, die Datens\u00e4tze und Texte generieren. So werden aus Bildern Geschichten.<\/p>\n<p>Insgesamt sind bis zu sieben verschiedene KIs am Prozess beteiligt, die alle unterschiedlich spezialisiert sind. Bild, Skalierung, Feinschliff f\u00fcr das Foto, Generierung von pers\u00f6nlichen Datens\u00e4tzen, Erzeugung von Geschichten f\u00fcr die Background-Texte, Stimmsynthese und Animation f\u00fcr Sprache und Video.<\/p>\n<p>Damit entstehen <strong><span style=\"color: #ff0000;\">UNWIRKLICHKEITEN<\/span><\/strong>, die mich faszinieren.<\/p>\n<p><span style=\"color: #828282;\">\u00a0<\/span><\/p>\n<p>&nbsp;<\/p>\n<p>&nbsp;<\/p>\n<p>&nbsp;<\/p>\n<\/div>\n<\/div>\n<p>[\/et_pb_text][\/et_pb_column][\/et_pb_row][\/et_pb_section]<\/p>\n","protected":false},"excerpt":{"rendered":"<p>&nbsp; unwirklich!Alles was Du Dir vorstellen kannst ist real!(Pablo Picasso)PORTRAITSSotirios TheofanisProfessorKate J, HuffAngestellte &amp; AktivistinJesus M. Scoville MusikerParvaneh ArdakaniAkquisiteurinArchard BonamiImmobilienmaklerHarrison KirbyG\u00e4rtnerMilevka CujnikKartenverk\u00e4uferinPainda KamaluddinHirteAlice CraigJunior Future ShaperPaul KohlerRentner KONZEPT Nach einigen Experimenten mit verschiedenen KI-Systemen, die aus Textprompts Bilder generieren, versuche ich beim Projekt UNWIRKLICH! einen ganz anderen Ansatz: Weg von den surrealen Traumwelten und hin [&hellip;]<\/p>\n","protected":false},"author":1,"featured_media":0,"parent":0,"menu_order":0,"comment_status":"closed","ping_status":"closed","template":"","meta":{"_et_pb_use_builder":"on","_et_pb_old_content":"","_et_gb_content_width":"","footnotes":""},"_links":{"self":[{"href":"https:\/\/www.komposition.n-code.de\/index.php\/wp-json\/wp\/v2\/pages\/6131"}],"collection":[{"href":"https:\/\/www.komposition.n-code.de\/index.php\/wp-json\/wp\/v2\/pages"}],"about":[{"href":"https:\/\/www.komposition.n-code.de\/index.php\/wp-json\/wp\/v2\/types\/page"}],"author":[{"embeddable":true,"href":"https:\/\/www.komposition.n-code.de\/index.php\/wp-json\/wp\/v2\/users\/1"}],"replies":[{"embeddable":true,"href":"https:\/\/www.komposition.n-code.de\/index.php\/wp-json\/wp\/v2\/comments?post=6131"}],"version-history":[{"count":27,"href":"https:\/\/www.komposition.n-code.de\/index.php\/wp-json\/wp\/v2\/pages\/6131\/revisions"}],"predecessor-version":[{"id":6295,"href":"https:\/\/www.komposition.n-code.de\/index.php\/wp-json\/wp\/v2\/pages\/6131\/revisions\/6295"}],"wp:attachment":[{"href":"https:\/\/www.komposition.n-code.de\/index.php\/wp-json\/wp\/v2\/media?parent=6131"}],"curies":[{"name":"wp","href":"https:\/\/api.w.org\/{rel}","templated":true}]}}