{"id":6203,"date":"2023-10-21T12:02:55","date_gmt":"2023-10-21T10:02:55","guid":{"rendered":"https:\/\/www.komposition.n-code.de\/?page_id=6203"},"modified":"2023-10-21T13:16:19","modified_gmt":"2023-10-21T11:16:19","slug":"uw-sotirios","status":"publish","type":"page","link":"https:\/\/www.komposition.n-code.de\/index.php\/uw-sotirios\/","title":{"rendered":"unwirklich-sotirios"},"content":{"rendered":"<p>[et_pb_section fb_built=&#8220;1&#8243; _builder_version=&#8220;4.16&#8243; background_color=&#8220;#000000&#8243; global_colors_info=&#8220;{}&#8220;][et_pb_row _builder_version=&#8220;4.16&#8243; background_size=&#8220;initial&#8220; background_position=&#8220;top_left&#8220; background_repeat=&#8220;repeat&#8220; global_colors_info=&#8220;{}&#8220;][et_pb_column type=&#8220;4_4&#8243; _builder_version=&#8220;4.16&#8243; custom_padding=&#8220;|||&#8220; global_colors_info=&#8220;{}&#8220; custom_padding__hover=&#8220;|||&#8220;][et_pb_divider show_divider=&#8220;off&#8220; disabled_on=&#8220;on|on|off&#8220; _builder_version=&#8220;4.16&#8243; height=&#8220;20px&#8220; hide_on_mobile=&#8220;on&#8220; global_colors_info=&#8220;{}&#8220;]&nbsp;<br \/>\n[\/et_pb_divider][\/et_pb_column][\/et_pb_row][et_pb_row _builder_version=&#8220;4.23&#8243; _module_preset=&#8220;default&#8220; global_colors_info=&#8220;{}&#8220;][et_pb_column type=&#8220;4_4&#8243; _builder_version=&#8220;4.23&#8243; _module_preset=&#8220;default&#8220; global_colors_info=&#8220;{}&#8220;][et_pb_text admin_label=&#8220;unwirklich titeltext&#8220; _builder_version=&#8220;4.23&#8243; background_size=&#8220;initial&#8220; background_position=&#8220;top_left&#8220; background_repeat=&#8220;repeat&#8220; use_border_color=&#8220;off&#8220; border_color=&#8220;#ffffff&#8220; border_style=&#8220;solid&#8220; global_colors_info=&#8220;{}&#8220;]<\/p>\n<h1><span style=\"color: #808080;\"><span style=\"color: #000000;\"><a href=\"https:\/\/www.komposition.n-code.de\/index.php\/unwirklich\/\"><strong><span style=\"color: #ff0000;\">UNWIRKLICH!<\/span><\/strong><\/a><br \/><\/span><\/span><\/h1>\n<p>[\/et_pb_text][\/et_pb_column][\/et_pb_row][et_pb_row column_structure=&#8220;3_4,1_4&#8243; _builder_version=&#8220;4.16&#8243; background_size=&#8220;initial&#8220; background_position=&#8220;top_left&#8220; background_repeat=&#8220;repeat&#8220; global_colors_info=&#8220;{}&#8220;][et_pb_column type=&#8220;3_4&#8243; _builder_version=&#8220;4.16&#8243; custom_padding=&#8220;|||&#8220; global_colors_info=&#8220;{}&#8220; custom_padding__hover=&#8220;|||&#8220;][et_pb_image src=&#8220;https:\/\/www.komposition.n-code.de\/wp-content\/uploads\/2023\/10\/tessaloniki-160x200_1.jpg&#8220; title_text=&#8220;Sotirios Theofanis&#8220; admin_label=&#8220;bild sotirios&#8220; _builder_version=&#8220;4.23&#8243; _module_preset=&#8220;default&#8220; global_colors_info=&#8220;{}&#8220;][\/et_pb_image][\/et_pb_column][et_pb_column type=&#8220;1_4&#8243; _builder_version=&#8220;4.16&#8243; custom_padding=&#8220;|||&#8220; global_colors_info=&#8220;{}&#8220; custom_padding__hover=&#8220;|||&#8220;][et_pb_text admin_label=&#8220;Name&#8220; _builder_version=&#8220;4.23&#8243; background_layout=&#8220;dark&#8220; custom_padding=&#8220;||0px|||&#8220; global_colors_info=&#8220;{}&#8220;]<\/p>\n<h2><span style=\"color: #e02b20;\"><strong>SOTIRIOS THEOFANIS<br \/><\/strong><\/span><\/h2>\n<p>99, Mihalakopoulou Avenue<br \/>8745 Melamiou<br \/>Zypern<\/p>\n<p>[\/et_pb_text][et_pb_text _builder_version=&#8220;4.23&#8243; background_layout=&#8220;dark&#8220; custom_padding=&#8220;||0px|||&#8220; global_colors_info=&#8220;{}&#8220;]<\/p>\n<p>Geo-Koordinaten: 41.407698, -73.002129<br \/>M\u00e4dchenname der Mutter: Alexandropoulou<br \/>Geburtsdatum: 26. Oktober 1959<br \/>Alter: 64 Jahre alt<br \/>Tierkreiszeichen: Skorpion<br \/>Gr\u00f6\u00dfe: 177 cm<br \/>Gewicht: 109.5 kg<br \/>Blutgruppe: 0+<br \/>Lieblingsfarbe: Blau<br \/>Telefon: (357) 99 784396<br \/>E-Mail-Adresse: sotiteho@ut.auth.gr<br \/>Benutzername: Bued591026<br \/>Passwort: aeh6Vohmee3<br \/>Webseite: ut.auth.gr<br \/>Beruf: Professor f\u00fcr Altgriechische Literatur<br \/>Arbeitgeber: Universit\u00e4t von Thessaloniki<br \/>Mastercard: 5567 2395 9513 7538<br \/>L\u00e4uft ab am: 01\/28<br \/>CVV2: 725<br \/>Fahrzeug: Morgan Plus 4 <br \/>Baujahr: 1996<\/p>\n<p>[\/et_pb_text][et_pb_button button_url=&#8220;https:\/\/www.komposition.n-code.de\/index.php\/unwirklich\/&#8220; button_text=&#8220;zur\u00fcck&#8220; button_alignment=&#8220;left&#8220; admin_label=&#8220;Button&#8220; _builder_version=&#8220;4.23&#8243; _module_preset=&#8220;default&#8220; custom_button=&#8220;on&#8220; button_text_size=&#8220;13px&#8220; button_bg_color=&#8220;#202020&#8243; button_border_width=&#8220;4px&#8220; background_layout=&#8220;dark&#8220; custom_padding=&#8220;0px|40px|0px|40px|false|false&#8220; global_colors_info=&#8220;{}&#8220;][\/et_pb_button][\/et_pb_column][\/et_pb_row][\/et_pb_section][et_pb_section fb_built=&#8220;1&#8243; prev_background_color=&#8220;#000000&#8243; _builder_version=&#8220;4.23&#8243; background_color=&#8220;#202020&#8243; custom_margin=&#8220;||-82px|||&#8220; custom_padding=&#8220;36px|||||&#8220; top_divider_style=&#8220;slant&#8220; top_divider_height=&#8220;51px&#8220; global_colors_info=&#8220;{}&#8220;][et_pb_row _builder_version=&#8220;4.23&#8243; _module_preset=&#8220;default&#8220; custom_padding=&#8220;85px|||||&#8220; global_colors_info=&#8220;{}&#8220;][et_pb_column type=&#8220;4_4&#8243; _builder_version=&#8220;4.23&#8243; _module_preset=&#8220;default&#8220; global_colors_info=&#8220;{}&#8220;][et_pb_text admin_label=&#8220;statements&#8220; _builder_version=&#8220;4.23&#8243; background_size=&#8220;initial&#8220; background_position=&#8220;top_left&#8220; background_repeat=&#8220;repeat&#8220; use_border_color=&#8220;off&#8220; border_color=&#8220;#ffffff&#8220; border_style=&#8220;solid&#8220; global_colors_info=&#8220;{}&#8220;]<\/p>\n<h3><span style=\"color: #808080;\"><span style=\"color: #000000;\"><strong><span style=\"color: #ff0000;\">\u00dcBER MEINE HEIMAT, MEINEN MORGAN UND MEINE REISEN NACH THESSALONIKI<\/span><br \/><\/strong><\/span><\/span><\/h3>\n<p>[\/et_pb_text][\/et_pb_column][\/et_pb_row][et_pb_row column_structure=&#8220;1_4,1_4,1_4,1_4&#8243; admin_label=&#8220;info&#8220; _builder_version=&#8220;4.16&#8243; background_size=&#8220;initial&#8220; background_position=&#8220;top_left&#8220; background_repeat=&#8220;repeat&#8220; custom_margin=&#8220;|auto|38px|auto||&#8220; global_colors_info=&#8220;{}&#8220;][et_pb_column type=&#8220;1_4&#8243; _builder_version=&#8220;4.16&#8243; custom_padding=&#8220;|||&#8220; global_colors_info=&#8220;{}&#8220; custom_padding__hover=&#8220;|||&#8220;][et_pb_text _builder_version=&#8220;4.23&#8243; background_layout=&#8220;dark&#8220; custom_padding=&#8220;||0px|||&#8220; global_colors_info=&#8220;{}&#8220;]<\/p>\n<p>In meinem kleinen Dorf Melamiou auf Zypern zu leben, mag f\u00fcr einige eine ungew\u00f6hnliche Wahl erscheinen, besonders angesichts meiner regelm\u00e4\u00dfigen Pendelreisen zur Aristoteles-Universit\u00e4t in Thessaloniki. Aber f\u00fcr mich ist es eine bewusste Entscheidung, die ich nie bereut habe.<\/p>\n<p>Melamiou ist mein Geburtsort und der Ort, an dem meine Wurzeln tief verankert sind. Jeder Winkel dieses Dorfes erinnert mich an meine Kindheit, an die Geschichten meiner Familie und an die warme Gemeinschaft, die mich gepr\u00e4gt hat. Diese Verbundenheit ist f\u00fcr mich von unsch\u00e4tzbarem Wert.<\/p>\n<p>Als K\u00fcnstler sch\u00e4tze ich die Sch\u00f6nheit und die Ruhe, die dieses kleine Dorf bietet. Die sanften H\u00fcgel, das glitzernde Mittelmeer und die Stille der Natur sind meine t\u00e4glichen Begleiter und eine unersch\u00f6pfliche Quelle der Inspiration. Wenn ich durch die engen Gassen schlendere oder auf einem H\u00fcgel verweile und den Sonnenuntergang beobachte, sp\u00fcre ich die Kreativit\u00e4t in mir aufbl\u00fchen.<br \/>(\u2026)<\/p>\n<p>[\/et_pb_text][\/et_pb_column][et_pb_column type=&#8220;1_4&#8243; _builder_version=&#8220;4.16&#8243; custom_padding=&#8220;|||&#8220; global_colors_info=&#8220;{}&#8220; custom_padding__hover=&#8220;|||&#8220;][et_pb_text _builder_version=&#8220;4.23&#8243; background_layout=&#8220;dark&#8220; custom_padding=&#8220;||0px|||&#8220; global_colors_info=&#8220;{}&#8220;]<\/p>\n<p>Der Morgan Plus 4, mein treuer Begleiter in meinem Dorf Melamiou, ist ein Auto, das viele Menschen als ungew\u00f6hnliche Wahl f\u00fcr diese holprigen Bergstra\u00dfen betrachten w\u00fcrden. Aber f\u00fcr mich ist es weit mehr als nur ein Fahrzeug; es ist ein St\u00fcck Geschichte und eine leidenschaftliche Faszination.<\/p>\n<p>Dieser alte englische Sportwagen aus dem Jahr 1996 strahlt einen Charme aus, dem ich einfach nicht widerstehen kann. Seine klassische, handgefertigte Karosserie und die verchromten Akzente verleihen ihm eine zeitlose Eleganz. Ich kann Stunden damit verbringen, dieses Auto einfach anzustarren und seine Linien und Kurven zu bewundern.<\/p>\n<p>Ja, ich gebe zu, dass der Morgan Plus 4 auf unebenen Stra\u00dfen nicht gerade die sanfteste Fahrt bietet. Jede Unebenheit, jede Bodenwelle ist zu sp\u00fcren. Aber gerade das macht das Erlebnis so intensiv. Es ist, als w\u00fcrde man die Stra\u00dfe auf eine ganz besondere Art und Weise f\u00fchlen. Jeder Moment hinter dem Steuer ist ein kleines Abenteuer.<\/p>\n<p>Dieser Wagen ist auch ein Symbol f\u00fcr meine Liebe zur Tradition und zur Einfachheit des Lebens in meinem Dorf. In einer Welt, in der moderne Autos mit High-Tech-Gadgets \u00fcberladen sind, ist der Morgan Plus 4 ein Relikt vergangener Zeiten, das mich an die einfachen Freuden des Fahrens erinnert.<br \/>(\u2026)<\/p>\n<p>[\/et_pb_text][\/et_pb_column][et_pb_column type=&#8220;1_4&#8243; _builder_version=&#8220;4.16&#8243; custom_padding=&#8220;|||&#8220; global_colors_info=&#8220;{}&#8220; custom_padding__hover=&#8220;|||&#8220;][et_pb_text _builder_version=&#8220;4.23&#8243; background_layout=&#8220;dark&#8220; custom_padding=&#8220;||0px|||&#8220; global_colors_info=&#8220;{}&#8220;]<\/p>\n<p>Die Reise nach Thessaloniki ist ein wichtiger Teil meines Lebens geworden. Sie ist f\u00fcr mich mehr als nur eine Pflicht \u2013 sie ist ein Weg, die Welt au\u00dferhalb meines Dorfes zu erleben. Die Autofahrt zum Flughafen in Paphos ist der Auftakt, der mich auf das Abenteuer einstimmt.\u200b<\/p>\n<p>Die Stra\u00dfen schl\u00e4ngeln sich durch die h\u00fcgelige Landschaft, und ich genie\u00dfe die Aussicht auf das tiefblaue Mittelmeer. Diese Fahrt weckt Erinnerungen an meine Jugend, als ich oft mit meiner Familie auf Erkundungstouren ging. Es ist fast wie eine kleine Reise in die Vergangenheit, bevor ich mich auf den Weg in die Arbeit mache.<\/p>\n<p>Am Flughafen in Paphos angekommen, sp\u00fcre ich eine Mischung aus Vorfreude und Entschlossenheit. Das Fliegen an sich ist f\u00fcr mich schon immer etwas Besonderes gewesen. Ich denke dar\u00fcber nach, wie die Menschen vor Jahrhunderten von Ort zu Ort gereist sind, und jetzt kann ich in wenigen Stunden Tausende von Kilometern zur\u00fccklegen.<\/p>\n<p>Die Wolkenformationen am Himmel faszinieren mich immer wieder aufs Neue. W\u00e4hrend des Fluges lese ich oft \u00fcber die griechische Literatur, \u00fcber die ich an der Universit\u00e4t unterrichte. Es ist eine gute Gelegenheit, um mich auf den Unterricht vorzubereiten und in die Welt der antiken Schriftsteller einzutauchen.<br \/>(\u2026)<\/p>\n<p>[\/et_pb_text][\/et_pb_column][et_pb_column type=&#8220;1_4&#8243; _builder_version=&#8220;4.16&#8243; custom_padding=&#8220;|||&#8220; global_colors_info=&#8220;{}&#8220; custom_padding__hover=&#8220;|||&#8220;][et_pb_text _builder_version=&#8220;4.23&#8243; background_layout=&#8220;dark&#8220; custom_padding=&#8220;||0px|||&#8220; global_colors_info=&#8220;{}&#8220;]<\/p>\n<p>Nach der Landung in Thessaloniki steige ich in ein Taxi, das mich zu meinem Arbeitsplatz an der Universit\u00e4t bringt. Die Fahrt durch die belebten Stra\u00dfen der Stadt gibt mir die Gelegenheit, die Atmosph\u00e4re dieser lebendigen Stadt zu sp\u00fcren. Ich sehe die jungen Studenten, die eifrig zur Uni gehen, und f\u00fchle mich ermutigt, mein Wissen mit ihnen zu teilen.<\/p>\n<p>Insgesamt f\u00fchle ich mich w\u00e4hrend dieser Reise wohl. Sie ist f\u00fcr mich mehr als nur ein Weg zur Arbeit. Es ist eine Reise durch Zeit und Raum, die mich jedes Mal aufs Neue inspiriert. Es mag anstrengend sein, aber es gibt mir die M\u00f6glichkeit, die Sch\u00f6nheit von Zypern und den Wissensdurst der Studierenden in Thessaloniki zu erleben. Es ist eine Reise, die meine Neugierde am Leben h\u00e4lt und mich als K\u00fcnstler und Professor gleicherma\u00dfen erf\u00fcllt.<br \/>(\u2026)<\/p>\n<p>[\/et_pb_text][et_pb_button button_url=&#8220;https:\/\/www.komposition.n-code.de\/index.php\/unwirklich\/&#8220; button_text=&#8220;zur\u00fcck&#8220; button_alignment=&#8220;left&#8220; admin_label=&#8220;Button&#8220; _builder_version=&#8220;4.23&#8243; _module_preset=&#8220;default&#8220; custom_button=&#8220;on&#8220; button_text_size=&#8220;13px&#8220; button_bg_color=&#8220;#404040&#8243; button_border_width=&#8220;4px&#8220; background_layout=&#8220;dark&#8220; custom_padding=&#8220;0px|40px|0px|40px|false|false&#8220; global_colors_info=&#8220;{}&#8220;][\/et_pb_button][\/et_pb_column][\/et_pb_row][\/et_pb_section][et_pb_section fb_built=&#8220;1&#8243; _builder_version=&#8220;4.23&#8243; background_color=&#8220;#000000&#8243; custom_padding=&#8220;35px|||||&#8220; top_divider_style=&#8220;slant&#8220; top_divider_color=&#8220;#202020&#8243; top_divider_height=&#8220;75px&#8220; global_colors_info=&#8220;{}&#8220;][et_pb_row _builder_version=&#8220;4.23&#8243; _module_preset=&#8220;default&#8220; global_colors_info=&#8220;{}&#8220;][et_pb_column type=&#8220;4_4&#8243; _builder_version=&#8220;4.23&#8243; _module_preset=&#8220;default&#8220; global_colors_info=&#8220;{}&#8220;][et_pb_text admin_label=&#8220;fotos&#8220; _builder_version=&#8220;4.23&#8243; background_size=&#8220;initial&#8220; background_position=&#8220;top_left&#8220; background_repeat=&#8220;repeat&#8220; custom_padding=&#8220;44px|||||&#8220; use_border_color=&#8220;off&#8220; border_color=&#8220;#ffffff&#8220; border_style=&#8220;solid&#8220; global_colors_info=&#8220;{}&#8220;]<\/p>\n<h2><span style=\"color: #808080;\"><span style=\"color: #000000;\"><strong><span style=\"color: #ff0000;\">MEINE FOTOS<\/span><br \/><\/strong><\/span><\/span><\/h2>\n<p>[\/et_pb_text][\/et_pb_column][\/et_pb_row][et_pb_row _builder_version=&#8220;4.16&#8243; background_size=&#8220;initial&#8220; background_position=&#8220;top_left&#8220; background_repeat=&#8220;repeat&#8220; global_colors_info=&#8220;{}&#8220;][et_pb_column type=&#8220;4_4&#8243; _builder_version=&#8220;4.16&#8243; custom_padding=&#8220;|||&#8220; global_colors_info=&#8220;{}&#8220; custom_padding__hover=&#8220;|||&#8220;][et_pb_gallery gallery_ids=&#8220;6241,6233,6247,6228,6221,6220,6243,6232,6234,6235,6230,6236,6239,6223,6222,6238,6226,6258,6224,6237&#8243; posts_number=&#8220;100&#8243; show_title_and_caption=&#8220;off&#8220; show_pagination=&#8220;off&#8220; zoom_icon_color=&#8220;#2ea3f2&#8243; _builder_version=&#8220;4.23&#8243; background_layout=&#8220;dark&#8220; hover_enabled=&#8220;0&#8243; use_border_color=&#8220;off&#8220; global_colors_info=&#8220;{}&#8220; sticky_enabled=&#8220;0&#8243;]&nbsp;<br \/>\n[\/et_pb_gallery][et_pb_button button_url=&#8220;https:\/\/www.komposition.n-code.de\/index.php\/unwirklich\/&#8220; button_text=&#8220;zur\u00fcck&#8220; button_alignment=&#8220;left&#8220; admin_label=&#8220;Button&#8220; _builder_version=&#8220;4.23&#8243; _module_preset=&#8220;default&#8220; custom_button=&#8220;on&#8220; button_text_size=&#8220;13px&#8220; button_bg_color=&#8220;#404040&#8243; button_border_width=&#8220;4px&#8220; background_layout=&#8220;dark&#8220; custom_padding=&#8220;0px|40px|0px|40px|false|false&#8220; global_colors_info=&#8220;{}&#8220;][\/et_pb_button][\/et_pb_column][\/et_pb_row][\/et_pb_section][et_pb_section fb_built=&#8220;1&#8243; prev_background_color=&#8220;#000000&#8243; _builder_version=&#8220;4.23&#8243; background_color=&#8220;#121212&#8243; top_divider_style=&#8220;slant&#8220; top_divider_height=&#8220;34px&#8220; top_divider_flip=&#8220;horizontal&#8220; global_colors_info=&#8220;{}&#8220;][et_pb_row _builder_version=&#8220;4.23&#8243; _module_preset=&#8220;default&#8220; global_colors_info=&#8220;{}&#8220;][et_pb_column type=&#8220;4_4&#8243; _builder_version=&#8220;4.23&#8243; _module_preset=&#8220;default&#8220; global_colors_info=&#8220;{}&#8220;][et_pb_text admin_label=&#8220;video&#8220; _builder_version=&#8220;4.23&#8243; background_size=&#8220;initial&#8220; background_position=&#8220;top_left&#8220; background_repeat=&#8220;repeat&#8220; use_border_color=&#8220;off&#8220; border_color=&#8220;#ffffff&#8220; border_style=&#8220;solid&#8220; global_colors_info=&#8220;{}&#8220;]<\/p>\n<h2><span style=\"color: #808080;\"><span style=\"color: #000000;\"><strong><span style=\"color: #ff0000;\">SOTIRIOS&#8216; VIDEO<\/span><br \/><\/strong><\/span><\/span><\/h2>\n<p>[\/et_pb_text][\/et_pb_column][\/et_pb_row][et_pb_row admin_label=&#8220;info&#8220; _builder_version=&#8220;4.16&#8243; background_size=&#8220;initial&#8220; background_position=&#8220;top_left&#8220; background_repeat=&#8220;repeat&#8220; custom_padding=&#8220;0px||0px||false|false&#8220; global_colors_info=&#8220;{}&#8220;][et_pb_column type=&#8220;4_4&#8243; _builder_version=&#8220;4.16&#8243; custom_padding=&#8220;|||&#8220; global_colors_info=&#8220;{}&#8220; custom_padding__hover=&#8220;|||&#8220;][et_pb_code admin_label=&#8220;embedded video&#8220; _builder_version=&#8220;4.23&#8243; _module_preset=&#8220;default&#8220; global_colors_info=&#8220;{}&#8220;]<iframe loading=\"lazy\" width=\"560\" height=\"315\" src=\"https:\/\/www.youtube.com\/embed\/KmtHboqBKEU?si=9ByUUf3CTPiSRMih&#038;loop=1&#038;rel=0&#038;showinfo=0\" title=\"YouTube video player\" frameborder=\"0\" allow=\"accelerometer; autoplay; clipboard-write; encrypted-media; gyroscope; picture-in-picture; web-share\" allowfullscreen><\/iframe>[\/et_pb_code][\/et_pb_column][\/et_pb_row][\/et_pb_section]<\/p>\n","protected":false},"excerpt":{"rendered":"<p>&nbsp; UNWIRKLICH!SOTIRIOS THEOFANIS 99, Mihalakopoulou Avenue8745 MelamiouZypernGeo-Koordinaten: 41.407698, -73.002129M\u00e4dchenname der Mutter: AlexandropoulouGeburtsdatum: 26. Oktober 1959Alter: 64 Jahre altTierkreiszeichen: SkorpionGr\u00f6\u00dfe: 177 cmGewicht: 109.5 kgBlutgruppe: 0+Lieblingsfarbe: BlauTelefon: (357) 99 784396E-Mail-Adresse: sotiteho@ut.auth.grBenutzername: Bued591026Passwort: aeh6Vohmee3Webseite: ut.auth.grBeruf: Professor f\u00fcr Altgriechische LiteraturArbeitgeber: Universit\u00e4t von ThessalonikiMastercard: 5567 2395 9513 7538L\u00e4uft ab am: 01\/28CVV2: 725Fahrzeug: Morgan Plus 4 Baujahr: 1996\u00dcBER MEINE HEIMAT, MEINEN [&hellip;]<\/p>\n","protected":false},"author":1,"featured_media":0,"parent":0,"menu_order":0,"comment_status":"closed","ping_status":"closed","template":"","meta":{"_et_pb_use_builder":"on","_et_pb_old_content":"","_et_gb_content_width":"","footnotes":""},"_links":{"self":[{"href":"https:\/\/www.komposition.n-code.de\/index.php\/wp-json\/wp\/v2\/pages\/6203"}],"collection":[{"href":"https:\/\/www.komposition.n-code.de\/index.php\/wp-json\/wp\/v2\/pages"}],"about":[{"href":"https:\/\/www.komposition.n-code.de\/index.php\/wp-json\/wp\/v2\/types\/page"}],"author":[{"embeddable":true,"href":"https:\/\/www.komposition.n-code.de\/index.php\/wp-json\/wp\/v2\/users\/1"}],"replies":[{"embeddable":true,"href":"https:\/\/www.komposition.n-code.de\/index.php\/wp-json\/wp\/v2\/comments?post=6203"}],"version-history":[{"count":15,"href":"https:\/\/www.komposition.n-code.de\/index.php\/wp-json\/wp\/v2\/pages\/6203\/revisions"}],"predecessor-version":[{"id":6259,"href":"https:\/\/www.komposition.n-code.de\/index.php\/wp-json\/wp\/v2\/pages\/6203\/revisions\/6259"}],"wp:attachment":[{"href":"https:\/\/www.komposition.n-code.de\/index.php\/wp-json\/wp\/v2\/media?parent=6203"}],"curies":[{"name":"wp","href":"https:\/\/api.w.org\/{rel}","templated":true}]}}