{"id":6261,"date":"2023-10-22T13:18:48","date_gmt":"2023-10-22T11:18:48","guid":{"rendered":"https:\/\/www.komposition.n-code.de\/?page_id=6261"},"modified":"2023-10-25T00:21:18","modified_gmt":"2023-10-24T22:21:18","slug":"uw-jesus","status":"publish","type":"page","link":"https:\/\/www.komposition.n-code.de\/index.php\/uw-jesus\/","title":{"rendered":"unwirklich-jesus"},"content":{"rendered":"<p>[et_pb_section fb_built=&#8220;1&#8243; _builder_version=&#8220;4.16&#8243; background_color=&#8220;#000000&#8243; global_colors_info=&#8220;{}&#8220;][et_pb_row _builder_version=&#8220;4.16&#8243; background_size=&#8220;initial&#8220; background_position=&#8220;top_left&#8220; background_repeat=&#8220;repeat&#8220; global_colors_info=&#8220;{}&#8220;][et_pb_column type=&#8220;4_4&#8243; _builder_version=&#8220;4.16&#8243; custom_padding=&#8220;|||&#8220; global_colors_info=&#8220;{}&#8220; custom_padding__hover=&#8220;|||&#8220;][et_pb_divider show_divider=&#8220;off&#8220; disabled_on=&#8220;on|on|off&#8220; _builder_version=&#8220;4.16&#8243; height=&#8220;20px&#8220; hide_on_mobile=&#8220;on&#8220; global_colors_info=&#8220;{}&#8220;]&nbsp;<br \/>\n[\/et_pb_divider][\/et_pb_column][\/et_pb_row][et_pb_row _builder_version=&#8220;4.23&#8243; _module_preset=&#8220;default&#8220; global_colors_info=&#8220;{}&#8220;][et_pb_column type=&#8220;4_4&#8243; _builder_version=&#8220;4.23&#8243; _module_preset=&#8220;default&#8220; global_colors_info=&#8220;{}&#8220;][et_pb_text admin_label=&#8220;unwirklich titeltext&#8220; _builder_version=&#8220;4.23&#8243; background_size=&#8220;initial&#8220; background_position=&#8220;top_left&#8220; background_repeat=&#8220;repeat&#8220; use_border_color=&#8220;off&#8220; border_color=&#8220;#ffffff&#8220; border_style=&#8220;solid&#8220; global_colors_info=&#8220;{}&#8220;]<\/p>\n<h1><span style=\"color: #808080;\"><span style=\"color: #000000;\"><a href=\"https:\/\/www.komposition.n-code.de\/index.php\/unwirklich\/\"><strong><span style=\"color: #ff0000;\">UNWIRKLICH!<\/span><\/strong><\/a><br \/><\/span><\/span><\/h1>\n<p>[\/et_pb_text][\/et_pb_column][\/et_pb_row][et_pb_row column_structure=&#8220;3_4,1_4&#8243; _builder_version=&#8220;4.16&#8243; background_size=&#8220;initial&#8220; background_position=&#8220;top_left&#8220; background_repeat=&#8220;repeat&#8220; global_colors_info=&#8220;{}&#8220;][et_pb_column type=&#8220;3_4&#8243; _builder_version=&#8220;4.16&#8243; custom_padding=&#8220;|||&#8220; global_colors_info=&#8220;{}&#8220; custom_padding__hover=&#8220;|||&#8220;][et_pb_image src=&#8220;https:\/\/www.komposition.n-code.de\/wp-content\/uploads\/2023\/10\/phildelphia-160x200_1.jpg&#8220; title_text=&#8220;kate huff&#8220; admin_label=&#8220;bild jesus&#8220; _builder_version=&#8220;4.23&#8243; _module_preset=&#8220;default&#8220; global_colors_info=&#8220;{}&#8220;][\/et_pb_image][\/et_pb_column][et_pb_column type=&#8220;1_4&#8243; _builder_version=&#8220;4.16&#8243; custom_padding=&#8220;|||&#8220; global_colors_info=&#8220;{}&#8220; custom_padding__hover=&#8220;|||&#8220;][et_pb_text admin_label=&#8220;Name&#8220; _builder_version=&#8220;4.23&#8243; background_layout=&#8220;dark&#8220; custom_padding=&#8220;||0px|||&#8220; global_colors_info=&#8220;{}&#8220;]<\/p>\n<h2><span style=\"color: #e02b20;\"><strong>JESUS M. SCOVILLE<br \/><\/strong><\/span><\/h2>\n<p>2233 Glen Falls Road<br \/>Philadelphia, PA 19108<br \/>USA<\/p>\n<p>[\/et_pb_text][et_pb_text _builder_version=&#8220;4.23&#8243; background_layout=&#8220;dark&#8220; custom_padding=&#8220;||0px|||&#8220; global_colors_info=&#8220;{}&#8220;]<\/p>\n<p>Geo-Koordinaten: 40,039083, -75,195339<br \/>M\u00e4dchenname der Mutter: Fowler<br \/>SSN: 175-42-XXXX<br \/>Geburtsdatum: 2. Juli 1983<br \/>Tierkreiszeichen: Krebs<br \/>Gr\u00f6\u00dfe: 187 cm<br \/>Gewicht: 106.2 Kilogramm<br \/>Blutgruppe: 0+<br \/>Lieblingsfarbe: Gelb<br \/>Telefon: +1 215 868 8445<br \/>E-Mail-Adresse: JesusMScoville@cuvox.de<br \/>Benutzername: Trypoing<br \/>Passwort: ue7roiJ0ch<br \/>Webseite: StoryTitle.com<br \/>Beruf: Musiker (Keyboard)<br \/>Arbeitgeber: Freelance<br \/>Visa: 4539 6653 5350 1622<br \/>L\u00e4uft ab am: 08\/24<br \/>CVV2: 347<br \/>Fahrzeug: Toyota Highlander<br \/>Baujahr: 2002<\/p>\n<p>[\/et_pb_text][et_pb_button button_url=&#8220;https:\/\/www.komposition.n-code.de\/index.php\/unwirklich\/&#8220; button_text=&#8220;zur\u00fcck&#8220; button_alignment=&#8220;left&#8220; admin_label=&#8220;Button&#8220; _builder_version=&#8220;4.23&#8243; _module_preset=&#8220;default&#8220; custom_button=&#8220;on&#8220; button_text_size=&#8220;13px&#8220; button_bg_color=&#8220;#202020&#8243; button_border_width=&#8220;4px&#8220; background_layout=&#8220;dark&#8220; custom_padding=&#8220;0px|40px|0px|40px|false|false&#8220; global_colors_info=&#8220;{}&#8220;][\/et_pb_button][\/et_pb_column][\/et_pb_row][\/et_pb_section][et_pb_section fb_built=&#8220;1&#8243; prev_background_color=&#8220;#000000&#8243; _builder_version=&#8220;4.23&#8243; background_color=&#8220;#202020&#8243; custom_margin=&#8220;||-82px|||&#8220; custom_padding=&#8220;36px|||||&#8220; top_divider_style=&#8220;slant&#8220; top_divider_height=&#8220;51px&#8220; global_colors_info=&#8220;{}&#8220;][et_pb_row _builder_version=&#8220;4.23&#8243; _module_preset=&#8220;default&#8220; global_colors_info=&#8220;{}&#8220;][et_pb_column type=&#8220;4_4&#8243; _builder_version=&#8220;4.23&#8243; _module_preset=&#8220;default&#8220; global_colors_info=&#8220;{}&#8220;][et_pb_text admin_label=&#8220;statements&#8220; _builder_version=&#8220;4.23&#8243; background_size=&#8220;initial&#8220; background_position=&#8220;top_left&#8220; background_repeat=&#8220;repeat&#8220; custom_padding=&#8220;53px||0px|||&#8220; use_border_color=&#8220;off&#8220; border_color=&#8220;#ffffff&#8220; border_style=&#8220;solid&#8220; global_colors_info=&#8220;{}&#8220;]<\/p>\n<h3><span style=\"color: #808080;\"><span style=\"color: #000000;\"><strong><span style=\"color: #ff0000;\">\u00dcBER PHILADELPHIA<\/span><br \/><\/strong><\/span><\/span><\/h3>\n<p>[\/et_pb_text][\/et_pb_column][\/et_pb_row][et_pb_row column_structure=&#8220;1_4,1_4,1_4,1_4&#8243; admin_label=&#8220;info&#8220; _builder_version=&#8220;4.16&#8243; background_size=&#8220;initial&#8220; background_position=&#8220;top_left&#8220; background_repeat=&#8220;repeat&#8220; global_colors_info=&#8220;{}&#8220; custom_padding=&#8220;||60px|||&#8220;][et_pb_column type=&#8220;1_4&#8243; _builder_version=&#8220;4.16&#8243; custom_padding=&#8220;|||&#8220; global_colors_info=&#8220;{}&#8220; custom_padding__hover=&#8220;|||&#8220;][et_pb_text _builder_version=&#8220;4.23&#8243; background_layout=&#8220;dark&#8220; custom_padding=&#8220;||0px|||&#8220; global_colors_info=&#8220;{}&#8220;]<\/p>\n<p>Philadelphia ist eine faszinierende Stadt mit einer reichen Geschichte, aber es gibt auch einiges, was ich als Afro-Amerikaner und Musiker hier erlebe. Die Stadt hat eine vielf\u00e4ltige Kulturszene, die sowohl Chancen als auch Herausforderungen mit sich bringt.<\/p>\n<p>Die j\u00fcngere Geschichte der Stadt war gepr\u00e4gt von Protesten gegen Rassismus und Polizeigewalt, insbesondere nach Ereignissen wie dem Mord an George Floyd. Diese Bewegungen haben wichtige Diskussionen \u00fcber Rassengerechtigkeit ausgel\u00f6st und zu Ver\u00e4nderungen in der Stadt gef\u00fchrt.<\/p>\n<p>Als Musiker versuche ich, diese Themen durch meine Musik anzusprechen und Bewusstsein zu schaffen. Musik kann eine starke Plattform f\u00fcr soziale Ver\u00e4nderungen sein, und ich glaube fest daran, dass sie dazu beitragen kann, die Spaltung in unserer Gesellsch\u00dcaft zu \u00fcberwinden.<br \/>(\u2026)<\/p>\n<p>[\/et_pb_text][\/et_pb_column][et_pb_column type=&#8220;1_4&#8243; _builder_version=&#8220;4.16&#8243; custom_padding=&#8220;|||&#8220; global_colors_info=&#8220;{}&#8220; custom_padding__hover=&#8220;|||&#8220;][et_pb_text _builder_version=&#8220;4.23&#8243; background_layout=&#8220;dark&#8220; custom_padding=&#8220;||0px|||&#8220; global_colors_info=&#8220;{}&#8220;]<\/p>\n<p>In dieser vielf\u00e4ltigen Stadt versuche ich, meine kulturelle Identit\u00e4t zu bewahren, aber es ist manchmal eine Herausforderung. Die Angst davor, meine Wurzeln zu verlieren oder meine afro-amerikanische Kultur zu vernachl\u00e4ssigen, w\u00e4hrend ich versuche, in einer multikulturellen Umgebung erfolgreich zu sein, ist eine Konstante in meinem Leben.<\/p>\n<p>Diese \u00c4ngste sind ein Teil meiner Realit\u00e4t, aber ich k\u00e4mpfe jeden Tag darum, sie zu \u00fcberwinden und meine Tr\u00e4ume zu verfolgen. Die Musik ist mein Weg, meine \u00c4ngste und Sorgen auszudr\u00fccken und gleichzeitig Hoffnung und Ver\u00e4nderung zu inspirieren.<br \/>(\u2026)<\/p>\n<p>[\/et_pb_text][\/et_pb_column][et_pb_column type=&#8220;1_4&#8243; _builder_version=&#8220;4.16&#8243; custom_padding=&#8220;|||&#8220; global_colors_info=&#8220;{}&#8220; custom_padding__hover=&#8220;|||&#8220;][et_pb_text _builder_version=&#8220;4.23&#8243; background_layout=&#8220;dark&#8220; custom_padding=&#8220;||0px|||&#8220; global_colors_info=&#8220;{}&#8220;]<\/p>\n<p>Ich erz\u00e4hle gerne von meinem ersten Auftritt im Chris&#8216; Jazz Cafe. Es war an einem warmen Sommerabend in Philadelphia, als ich mich auf den Weg machte. Als ich n\u00e4her an den Club heran kam, konnte ich die leisen Kl\u00e4nge des Jazz aus den ge\u00f6ffneten Fenstern h\u00f6ren. Das Cafe hatte eine besondere Atmosph\u00e4re, und ich freute mich darauf, auf dieser B\u00fchne zu stehen und meine Musik zu spielen.<\/p>\n<p>Parken in der Innenstadt von Philadelphia kann manchmal eine Herausforderung sein, aber ich fand schlie\u00dflich einen Platz in der N\u00e4he des Cafes. Ich stellte meinen Highlander ab, holte mein Keyboard und meine Ausr\u00fcstung aus dem Kofferraum und machte mich auf den kurzen Weg zum Auftrittsort.<br \/>(\u2026)<\/p>\n<p>[\/et_pb_text][\/et_pb_column][et_pb_column type=&#8220;1_4&#8243; _builder_version=&#8220;4.16&#8243; custom_padding=&#8220;|||&#8220; global_colors_info=&#8220;{}&#8220; custom_padding__hover=&#8220;|||&#8220;][et_pb_text _builder_version=&#8220;4.23&#8243; background_layout=&#8220;dark&#8220; custom_padding=&#8220;||0px|||&#8220; global_colors_info=&#8220;{}&#8220;]<\/p>\n<p>Die B\u00fchne war bereit, und ich konnte die Lichter und das Klavier sehen, das auf mich wartete. Die Aufregung stieg, und ich wusste, dass es eine gro\u00dfartige Nacht voller Musik und Leidenschaft werden w\u00fcrde. Einer der Haupt\u00e4ngste, die mich damals besch\u00e4ftigten, war die Sorge, den Erwartungen der anderen Musikern und des Publikums nicht gerecht zu werden. Als Afro-Amerikaner hatte ich das Gef\u00fchl, dass ich nicht nur f\u00fcr mich selbst, sondern auch f\u00fcr meine Gemeinschaft spielte. Die B\u00fchne dieses Clubs hatte eine lange Geschichte, und ich wollte sicherstellen, dass ich sie respektiere und angemessen repr\u00e4sentiere.<\/p>\n<p>In der Welt des Jazz, die von vielen als traditionell und oft von wei\u00dfen Musikern dominiert angesehen wird, hatte ich Angst vor m\u00f6glichen Vorurteilen oder Stereotypen, die aufgrund meiner Hautfarbe entstehen k\u00f6nnten. Ich wollte nicht, dass meine F\u00e4higkeiten oder meine Musik aufgrund meiner Herkunft in Frage gestellt w\u00fcrden. Aber trotz dieser \u00c4ngste wusste ich, dass ich diese Gelegenheit nutzen musste. Der Jazz ist eine universelle Sprache, die Grenzen \u00fcberwinden kann, und ich wollte zeigen, dass Musik die Kraft hat, Menschen zu verbinden. Also atmete ich tief durch, betrat die B\u00fchne und begann zu spielen.<br \/>(\u2026)<\/p>\n<p>[\/et_pb_text][et_pb_button button_url=&#8220;https:\/\/www.komposition.n-code.de\/index.php\/unwirklich\/&#8220; button_text=&#8220;zur\u00fcck&#8220; button_alignment=&#8220;left&#8220; admin_label=&#8220;Button&#8220; _builder_version=&#8220;4.23&#8243; _module_preset=&#8220;default&#8220; custom_button=&#8220;on&#8220; button_text_size=&#8220;13px&#8220; button_bg_color=&#8220;#404040&#8243; button_border_width=&#8220;4px&#8220; background_layout=&#8220;dark&#8220; custom_padding=&#8220;0px|40px|0px|40px|false|false&#8220; global_colors_info=&#8220;{}&#8220;][\/et_pb_button][\/et_pb_column][\/et_pb_row][\/et_pb_section][et_pb_section fb_built=&#8220;1&#8243; prev_background_color=&#8220;#202020&#8243; _builder_version=&#8220;4.23&#8243; background_color=&#8220;#121212&#8243; top_divider_style=&#8220;slant&#8220; top_divider_height=&#8220;34px&#8220; top_divider_flip=&#8220;horizontal&#8220; global_colors_info=&#8220;{}&#8220;][et_pb_row _builder_version=&#8220;4.23&#8243; _module_preset=&#8220;default&#8220; global_colors_info=&#8220;{}&#8220;][et_pb_column type=&#8220;4_4&#8243; _builder_version=&#8220;4.23&#8243; _module_preset=&#8220;default&#8220; global_colors_info=&#8220;{}&#8220;][et_pb_text admin_label=&#8220;video&#8220; _builder_version=&#8220;4.23&#8243; background_size=&#8220;initial&#8220; background_position=&#8220;top_left&#8220; background_repeat=&#8220;repeat&#8220; hover_enabled=&#8220;0&#8243; use_border_color=&#8220;off&#8220; border_color=&#8220;#ffffff&#8220; border_style=&#8220;solid&#8220; global_colors_info=&#8220;{}&#8220; sticky_enabled=&#8220;0&#8243; min_height=&#8220;58px&#8220;]<\/p>\n<h2><span style=\"color: #808080;\"><span style=\"color: #000000;\"><strong><span style=\"color: #ff0000;\">JESUS&#8216; VIDEO<\/span><br \/><\/strong><\/span><\/span><\/h2>\n<p>[\/et_pb_text][\/et_pb_column][\/et_pb_row][et_pb_row admin_label=&#8220;info&#8220; _builder_version=&#8220;4.16&#8243; background_size=&#8220;initial&#8220; background_position=&#8220;top_left&#8220; background_repeat=&#8220;repeat&#8220; custom_padding=&#8220;0px||0px||false|false&#8220; global_colors_info=&#8220;{}&#8220;][et_pb_column type=&#8220;4_4&#8243; _builder_version=&#8220;4.16&#8243; custom_padding=&#8220;|||&#8220; global_colors_info=&#8220;{}&#8220; custom_padding__hover=&#8220;|||&#8220;][et_pb_code admin_label=&#8220;embedded video&#8220; _builder_version=&#8220;4.23&#8243; _module_preset=&#8220;default&#8220; global_colors_info=&#8220;{}&#8220;]<iframe loading=\"lazy\" width=\"560\" height=\"315\" src=\"https:\/\/www.youtube.com\/embed\/wvM6L7pCG9Q?si=my5Y_bGLjuLkJ7cK&#038;loop=1&#038;rel=0&#038;showinfo=0\" title=\"YouTube video player\" frameborder=\"0\" allow=\"accelerometer; autoplay; clipboard-write; encrypted-media; gyroscope; picture-in-picture; web-share\" allowfullscreen><\/iframe>[\/et_pb_code][\/et_pb_column][\/et_pb_row][\/et_pb_section]<\/p>\n","protected":false},"excerpt":{"rendered":"<p>&nbsp; UNWIRKLICH!JESUS M. SCOVILLE 2233 Glen Falls RoadPhiladelphia, PA 19108USAGeo-Koordinaten: 40,039083, -75,195339M\u00e4dchenname der Mutter: FowlerSSN: 175-42-XXXXGeburtsdatum: 2. Juli 1983Tierkreiszeichen: KrebsGr\u00f6\u00dfe: 187 cmGewicht: 106.2 KilogrammBlutgruppe: 0+Lieblingsfarbe: GelbTelefon: +1 215 868 8445E-Mail-Adresse: JesusMScoville@cuvox.deBenutzername: TrypoingPasswort: ue7roiJ0chWebseite: StoryTitle.comBeruf: Musiker (Keyboard)Arbeitgeber: FreelanceVisa: 4539 6653 5350 1622L\u00e4uft ab am: 08\/24CVV2: 347Fahrzeug: Toyota HighlanderBaujahr: 2002\u00dcBER PHILADELPHIAPhiladelphia ist eine faszinierende Stadt mit einer [&hellip;]<\/p>\n","protected":false},"author":1,"featured_media":0,"parent":0,"menu_order":0,"comment_status":"closed","ping_status":"closed","template":"","meta":{"_et_pb_use_builder":"on","_et_pb_old_content":"","_et_gb_content_width":"","footnotes":""},"_links":{"self":[{"href":"https:\/\/www.komposition.n-code.de\/index.php\/wp-json\/wp\/v2\/pages\/6261"}],"collection":[{"href":"https:\/\/www.komposition.n-code.de\/index.php\/wp-json\/wp\/v2\/pages"}],"about":[{"href":"https:\/\/www.komposition.n-code.de\/index.php\/wp-json\/wp\/v2\/types\/page"}],"author":[{"embeddable":true,"href":"https:\/\/www.komposition.n-code.de\/index.php\/wp-json\/wp\/v2\/users\/1"}],"replies":[{"embeddable":true,"href":"https:\/\/www.komposition.n-code.de\/index.php\/wp-json\/wp\/v2\/comments?post=6261"}],"version-history":[{"count":14,"href":"https:\/\/www.komposition.n-code.de\/index.php\/wp-json\/wp\/v2\/pages\/6261\/revisions"}],"predecessor-version":[{"id":6285,"href":"https:\/\/www.komposition.n-code.de\/index.php\/wp-json\/wp\/v2\/pages\/6261\/revisions\/6285"}],"wp:attachment":[{"href":"https:\/\/www.komposition.n-code.de\/index.php\/wp-json\/wp\/v2\/media?parent=6261"}],"curies":[{"name":"wp","href":"https:\/\/api.w.org\/{rel}","templated":true}]}}